{"id":1859,"date":"2025-12-18T08:19:45","date_gmt":"2025-12-18T08:19:45","guid":{"rendered":"https:\/\/55legal.lu\/?page_id=1859"},"modified":"2025-12-19T11:53:19","modified_gmt":"2025-12-19T11:53:19","slug":"charles-heisbourg","status":"publish","type":"page","link":"https:\/\/55legal.lu\/fr\/charles-heisbourg\/","title":{"rendered":"Charles Heisbourg"},"content":{"rendered":"\t\t<div data-elementor-type=\"wp-page\" data-elementor-id=\"1859\" class=\"elementor elementor-1859\" data-elementor-post-type=\"page\">\n\t\t\t\t<div class=\"elementor-element elementor-element-6ab798ad main-container e-flex e-con-boxed e-con e-parent\" data-id=\"6ab798ad\" data-element_type=\"container\">\n\t\t\t\t\t<div class=\"e-con-inner\">\n\t\t<div class=\"elementor-element elementor-element-5b4fc26c e-con-full e-flex e-con e-child\" data-id=\"5b4fc26c\" data-element_type=\"container\" data-settings=\"{&quot;background_background&quot;:&quot;classic&quot;}\">\n\t\t<div class=\"elementor-element elementor-element-5209be65 e-con-full about-col-1 e-flex e-con e-child\" data-id=\"5209be65\" data-element_type=\"container\">\n\t\t\t\t<div class=\"elementor-element elementor-element-7d0836b elementor-hidden-tablet elementor-hidden-mobile elementor-widget__width-inherit elementor-invisible elementor-widget elementor-widget-image\" data-id=\"7d0836b\" data-element_type=\"widget\" data-settings=\"{&quot;_animation&quot;:&quot;fadeIn&quot;,&quot;_animation_delay&quot;:100}\" data-widget_type=\"image.default\">\n\t\t\t\t<div class=\"elementor-widget-container\">\n\t\t\t<style>\/*! elementor - v3.23.0 - 05-08-2024 *\/\n.elementor-widget-image{text-align:center}.elementor-widget-image a{display:inline-block}.elementor-widget-image a img[src$=\".svg\"]{width:48px}.elementor-widget-image img{vertical-align:middle;display:inline-block}<\/style>\t\t\t\t\t\t\t\t\t\t<img fetchpriority=\"high\" decoding=\"async\" width=\"489\" height=\"634\" src=\"https:\/\/55legal.lu\/wp-content\/uploads\/2025\/12\/CH2.png\" class=\"attachment-full size-full wp-image-1955\" alt=\"\" srcset=\"https:\/\/55legal.lu\/wp-content\/uploads\/2025\/12\/CH2.png 489w, https:\/\/55legal.lu\/wp-content\/uploads\/2025\/12\/CH2-231x300.png 231w\" sizes=\"(max-width: 489px) 100vw, 489px\" \/>\t\t\t\t\t\t\t\t\t\t\t\t\t<\/div>\n\t\t\t\t<\/div>\n\t\t\t\t<div class=\"elementor-element elementor-element-7125c128 elementor-hidden-desktop elementor-invisible elementor-widget elementor-widget-image\" data-id=\"7125c128\" data-element_type=\"widget\" data-settings=\"{&quot;_animation&quot;:&quot;fadeIn&quot;,&quot;_animation_delay&quot;:200}\" data-widget_type=\"image.default\">\n\t\t\t\t<div class=\"elementor-widget-container\">\n\t\t\t\t\t\t\t\t\t\t\t\t\t<img decoding=\"async\" width=\"687\" height=\"510\" src=\"https:\/\/55legal.lu\/wp-content\/uploads\/2024\/12\/Rectangle-57.jpg\" class=\"attachment-large size-large wp-image-1299\" alt=\"\" srcset=\"https:\/\/55legal.lu\/wp-content\/uploads\/2024\/12\/Rectangle-57.jpg 687w, https:\/\/55legal.lu\/wp-content\/uploads\/2024\/12\/Rectangle-57-300x223.jpg 300w\" sizes=\"(max-width: 687px) 100vw, 687px\" \/>\t\t\t\t\t\t\t\t\t\t\t\t\t<\/div>\n\t\t\t\t<\/div>\n\t\t\t\t<\/div>\n\t\t<div class=\"elementor-element elementor-element-675ede25 e-con-full about-col-2 e-flex e-con e-child\" data-id=\"675ede25\" data-element_type=\"container\" data-settings=\"{&quot;background_background&quot;:&quot;classic&quot;}\">\n\t\t<div class=\"elementor-element elementor-element-4b16d26 e-flex e-con-boxed elementor-invisible e-con e-child\" data-id=\"4b16d26\" data-element_type=\"container\" data-settings=\"{&quot;animation&quot;:&quot;fadeIn&quot;,&quot;animation_delay&quot;:400}\">\n\t\t\t\t\t<div class=\"e-con-inner\">\n\t\t<div class=\"elementor-element elementor-element-2fbc28f8 e-con-full e-flex elementor-invisible e-con e-child\" data-id=\"2fbc28f8\" data-element_type=\"container\" data-settings=\"{&quot;animation&quot;:&quot;fadeIn&quot;,&quot;animation_delay&quot;:100}\">\n\t\t\t\t<div class=\"elementor-element elementor-element-2b92a1b0 elementor-widget elementor-widget-heading\" data-id=\"2b92a1b0\" data-element_type=\"widget\" data-widget_type=\"heading.default\">\n\t\t\t\t<div class=\"elementor-widget-container\">\n\t\t\t<style>\/*! elementor - v3.23.0 - 05-08-2024 *\/\n.elementor-heading-title{padding:0;margin:0;line-height:1}.elementor-widget-heading .elementor-heading-title[class*=elementor-size-]>a{color:inherit;font-size:inherit;line-height:inherit}.elementor-widget-heading .elementor-heading-title.elementor-size-small{font-size:15px}.elementor-widget-heading .elementor-heading-title.elementor-size-medium{font-size:19px}.elementor-widget-heading .elementor-heading-title.elementor-size-large{font-size:29px}.elementor-widget-heading .elementor-heading-title.elementor-size-xl{font-size:39px}.elementor-widget-heading .elementor-heading-title.elementor-size-xxl{font-size:59px}<\/style><h2 class=\"elementor-heading-title elementor-size-default\">Charles Heisbourg<\/h2>\t\t<\/div>\n\t\t\t\t<\/div>\n\t\t\t\t<div class=\"elementor-element elementor-element-7007db0 elementor-widget elementor-widget-heading\" data-id=\"7007db0\" data-element_type=\"widget\" data-widget_type=\"heading.default\">\n\t\t\t\t<div class=\"elementor-widget-container\">\n\t\t\t<p class=\"elementor-heading-title elementor-size-default\">associ\u00e9<\/p>\t\t<\/div>\n\t\t\t\t<\/div>\n\t\t\t\t<\/div>\n\t\t<div class=\"elementor-element elementor-element-3fafe62d e-con-full e-flex elementor-invisible e-con e-child\" data-id=\"3fafe62d\" data-element_type=\"container\" data-settings=\"{&quot;animation&quot;:&quot;fadeIn&quot;,&quot;animation_delay&quot;:200}\">\n\t\t\t\t<div class=\"elementor-element elementor-element-d794b3f elementor-widget__width-inherit elementor-widget elementor-widget-text-editor\" data-id=\"d794b3f\" data-element_type=\"widget\" data-widget_type=\"text-editor.default\">\n\t\t\t\t<div class=\"elementor-widget-container\">\n\t\t\t<style>\/*! elementor - v3.23.0 - 05-08-2024 *\/\n.elementor-widget-text-editor.elementor-drop-cap-view-stacked .elementor-drop-cap{background-color:#69727d;color:#fff}.elementor-widget-text-editor.elementor-drop-cap-view-framed .elementor-drop-cap{color:#69727d;border:3px solid;background-color:transparent}.elementor-widget-text-editor:not(.elementor-drop-cap-view-default) .elementor-drop-cap{margin-top:8px}.elementor-widget-text-editor:not(.elementor-drop-cap-view-default) .elementor-drop-cap-letter{width:1em;height:1em}.elementor-widget-text-editor .elementor-drop-cap{float:left;text-align:center;line-height:1;font-size:50px}.elementor-widget-text-editor .elementor-drop-cap-letter{display:inline-block}<\/style>\t\t\t\t<p>Charles est un avocat M&amp;A de formation. Il a pass\u00e9 les premi\u00e8res ann\u00e9es de sa carri\u00e8re au sein de l\u2019\u00e9quipe de droit des soci\u00e9t\u00e9s du plus grand cabinet d\u2019affaires luxembourgeois.<br \/>Il est ensuite devenu le premier directeur juridique d\u2019un groupe commercial luxembourgeois en vue de la cr\u00e9ation de la fonction juridique et en a dirig\u00e9 les ressources humaines et les services g\u00e9n\u00e9raux. Il a poursuivi par la direction g\u00e9n\u00e9rale d\u2019une des principales entreprises du groupe, qui a doubl\u00e9 de taille au cours de son mandat.<\/p><p><br \/>Avec une volont\u00e9 entrepreneuriale, Charles a fond\u00e9 55LEGAL en 2024 avec l\u2019intention de fournir un conseil juridique de haute qualit\u00e9 qui int\u00e8gre de l\u2019exp\u00e9rience manag\u00e9riale.<\/p><p><br \/>Charles est\u00a0 administrateur\/observateur d\u2019acteurs PE\/RE et membre des principales organisations sectorielles.<\/p>\t\t\t\t\t\t<\/div>\n\t\t\t\t<\/div>\n\t\t\t\t<\/div>\n\t\t<div class=\"elementor-element elementor-element-1a478b00 e-con-full e-flex elementor-invisible e-con e-child\" data-id=\"1a478b00\" data-element_type=\"container\" data-settings=\"{&quot;background_background&quot;:&quot;classic&quot;,&quot;animation&quot;:&quot;fadeIn&quot;,&quot;animation_delay&quot;:300}\">\n\t\t<div class=\"elementor-element elementor-element-5e3ad63d e-con-full e-flex e-con e-child\" data-id=\"5e3ad63d\" data-element_type=\"container\">\n\t\t\t\t<div class=\"elementor-element elementor-element-784dc063 elementor-icon-list--layout-traditional elementor-list-item-link-full_width elementor-widget elementor-widget-icon-list\" data-id=\"784dc063\" data-element_type=\"widget\" data-widget_type=\"icon-list.default\">\n\t\t\t\t<div class=\"elementor-widget-container\">\n\t\t\t<link rel=\"stylesheet\" href=\"https:\/\/55legal.lu\/wp-content\/plugins\/elementor\/assets\/css\/widget-icon-list.min.css\">\t\t<ul class=\"elementor-icon-list-items\">\n\t\t\t\t\t\t\t<li class=\"elementor-icon-list-item\">\n\t\t\t\t\t\t\t\t\t\t\t<span class=\"elementor-icon-list-icon\">\n\t\t\t\t\t\t\t<svg xmlns=\"http:\/\/www.w3.org\/2000\/svg\" width=\"10\" height=\"10\" viewBox=\"0 0 10 10\" fill=\"none\"><path d=\"M0.554347 9.9751C0.554347 9.9751 0.291751 10.0311 0.175048 9.9751C0.0875207 9.91908 1.07062e-06 9.80706 1.06895e-06 9.667L9.58047e-07 0.366699C9.56377e-07 0.226634 0.0875206 0.114538 0.175048 0.0585127C0.291751 0.00248688 0.437644 -0.0254679 0.554347 0.0305579L9.80306 4.70866C10.0656 4.82071 10.0656 5.2129 9.80306 5.32495L0.554347 9.9751Z\" fill=\"#E91E5B\"><\/path><\/svg>\t\t\t\t\t\t<\/span>\n\t\t\t\t\t\t\t\t\t\t<span class=\"elementor-icon-list-text\">Formation<\/span>\n\t\t\t\t\t\t\t\t\t<\/li>\n\t\t\t\t\t\t<\/ul>\n\t\t\t\t<\/div>\n\t\t\t\t<\/div>\n\t\t\t\t<div class=\"elementor-element elementor-element-489945ce elementor-widget__width-inherit elementor-widget elementor-widget-text-editor\" data-id=\"489945ce\" data-element_type=\"widget\" data-widget_type=\"text-editor.default\">\n\t\t\t\t<div class=\"elementor-widget-container\">\n\t\t\t\t\t\t\t<p>Charles est dipl\u00f4m\u00e9 en droit de l\u2019ULB, Belgique (Ms, Droit Priv\u00e9) et de la LSE, Royaume Uni (LLM Corporate and Securites Law). Il est membre du Barreau de Luxembourg depuis 2012 et a \u00e9t\u00e9 assistant en droit des soci\u00e9t\u00e9s \u00e0 l\u2019Universit\u00e9 du Luxembourg jusqu\u2019en 2018.<\/p>\t\t\t\t\t\t<\/div>\n\t\t\t\t<\/div>\n\t\t\t\t<\/div>\n\t\t<div class=\"elementor-element elementor-element-2ff7d308 e-con-full e-flex e-con e-child\" data-id=\"2ff7d308\" data-element_type=\"container\">\n\t\t\t\t<div class=\"elementor-element elementor-element-6359bdf7 elementor-icon-list--layout-traditional elementor-list-item-link-full_width elementor-widget elementor-widget-icon-list\" data-id=\"6359bdf7\" data-element_type=\"widget\" data-widget_type=\"icon-list.default\">\n\t\t\t\t<div class=\"elementor-widget-container\">\n\t\t\t\t\t<ul class=\"elementor-icon-list-items\">\n\t\t\t\t\t\t\t<li class=\"elementor-icon-list-item\">\n\t\t\t\t\t\t\t\t\t\t\t<span class=\"elementor-icon-list-icon\">\n\t\t\t\t\t\t\t<svg xmlns=\"http:\/\/www.w3.org\/2000\/svg\" width=\"10\" height=\"10\" viewBox=\"0 0 10 10\" fill=\"none\"><path d=\"M0.554347 9.9751C0.554347 9.9751 0.291751 10.0311 0.175048 9.9751C0.0875207 9.91908 1.07062e-06 9.80706 1.06895e-06 9.667L9.58047e-07 0.366699C9.56377e-07 0.226634 0.0875206 0.114538 0.175048 0.0585127C0.291751 0.00248688 0.437644 -0.0254679 0.554347 0.0305579L9.80306 4.70866C10.0656 4.82071 10.0656 5.2129 9.80306 5.32495L0.554347 9.9751Z\" fill=\"#E91E5B\"><\/path><\/svg>\t\t\t\t\t\t<\/span>\n\t\t\t\t\t\t\t\t\t\t<span class=\"elementor-icon-list-text\">Langues<\/span>\n\t\t\t\t\t\t\t\t\t<\/li>\n\t\t\t\t\t\t<\/ul>\n\t\t\t\t<\/div>\n\t\t\t\t<\/div>\n\t\t\t\t<div class=\"elementor-element elementor-element-4c45f354 elementor-widget__width-inherit elementor-widget elementor-widget-text-editor\" data-id=\"4c45f354\" data-element_type=\"widget\" data-widget_type=\"text-editor.default\">\n\t\t\t\t<div class=\"elementor-widget-container\">\n\t\t\t\t\t\t\t<p>Conseils en anglais, fran\u00e7ais, allemand et luxembourgeois.<\/p>\t\t\t\t\t\t<\/div>\n\t\t\t\t<\/div>\n\t\t\t\t<\/div>\n\t\t\t\t<\/div>\n\t\t<div class=\"elementor-element elementor-element-52560287 e-con-full e-flex elementor-invisible e-con e-child\" data-id=\"52560287\" data-element_type=\"container\" data-settings=\"{&quot;background_background&quot;:&quot;classic&quot;,&quot;animation&quot;:&quot;fadeIn&quot;,&quot;animation_delay&quot;:300}\">\n\t\t<div class=\"elementor-element elementor-element-3887278c e-con-full e-flex e-con e-child\" data-id=\"3887278c\" data-element_type=\"container\">\n\t\t\t\t<div class=\"elementor-element elementor-element-58975baf elementor-icon-list--layout-traditional elementor-list-item-link-full_width elementor-widget elementor-widget-icon-list\" data-id=\"58975baf\" data-element_type=\"widget\" data-widget_type=\"icon-list.default\">\n\t\t\t\t<div class=\"elementor-widget-container\">\n\t\t\t\t\t<ul class=\"elementor-icon-list-items\">\n\t\t\t\t\t\t\t<li class=\"elementor-icon-list-item\">\n\t\t\t\t\t\t\t\t\t\t\t<span class=\"elementor-icon-list-icon\">\n\t\t\t\t\t\t\t<svg xmlns=\"http:\/\/www.w3.org\/2000\/svg\" width=\"10\" height=\"10\" viewBox=\"0 0 10 10\" fill=\"none\"><path d=\"M0.554347 9.9751C0.554347 9.9751 0.291751 10.0311 0.175048 9.9751C0.0875207 9.91908 1.07062e-06 9.80706 1.06895e-06 9.667L9.58047e-07 0.366699C9.56377e-07 0.226634 0.0875206 0.114538 0.175048 0.0585127C0.291751 0.00248688 0.437644 -0.0254679 0.554347 0.0305579L9.80306 4.70866C10.0656 4.82071 10.0656 5.2129 9.80306 5.32495L0.554347 9.9751Z\" fill=\"#E91E5B\"><\/path><\/svg>\t\t\t\t\t\t<\/span>\n\t\t\t\t\t\t\t\t\t\t<span class=\"elementor-icon-list-text\">Contact<\/span>\n\t\t\t\t\t\t\t\t\t<\/li>\n\t\t\t\t\t\t<\/ul>\n\t\t\t\t<\/div>\n\t\t\t\t<\/div>\n\t\t\t\t<div class=\"elementor-element elementor-element-7a1cbd5a elementor-widget__width-inherit elementor-widget elementor-widget-text-editor\" data-id=\"7a1cbd5a\" data-element_type=\"widget\" data-widget_type=\"text-editor.default\">\n\t\t\t\t<div class=\"elementor-widget-container\">\n\t\t\t\t\t\t\t<p><a href=\"mailto:charles.heisbourg@55legal.lu\" target=\"_blank\" rel=\"noopener\">charles.heisbourg@55legal.lu<\/a><\/p><p><a href=\"tel:+352 621 436 254\">+352 621 436 254<\/a><\/p>\t\t\t\t\t\t<\/div>\n\t\t\t\t<\/div>\n\t\t\t\t<\/div>\n\t\t\t\t<\/div>\n\t\t\t\t\t<\/div>\n\t\t\t\t<\/div>\n\t\t\t\t<\/div>\n\t\t\t\t<\/div>\n\t\t\t\t\t<\/div>\n\t\t\t\t<\/div>\n\t\t<div class=\"elementor-element elementor-element-126d452c main-container e-flex e-con-boxed e-con e-parent\" data-id=\"126d452c\" data-element_type=\"container\">\n\t\t\t\t\t<div class=\"e-con-inner\">\n\t\t<div class=\"elementor-element elementor-element-113bc38a e-flex e-con-boxed e-con e-child\" data-id=\"113bc38a\" data-element_type=\"container\" data-settings=\"{&quot;background_background&quot;:&quot;classic&quot;}\">\n\t\t\t\t\t<div class=\"e-con-inner\">\n\t\t\t\t<div class=\"elementor-element elementor-element-1d60b471 elementor-widget elementor-widget-button\" data-id=\"1d60b471\" data-element_type=\"widget\" data-widget_type=\"button.default\">\n\t\t\t\t<div class=\"elementor-widget-container\">\n\t\t\t\t\t<div class=\"elementor-button-wrapper\">\n\t\t\t<a class=\"elementor-button elementor-button-link elementor-size-sm\" href=\"https:\/\/55legal.lu\/fr\/equipe\/\">\n\t\t\t\t\t\t<span class=\"elementor-button-content-wrapper\">\n\t\t\t\t\t\t<span class=\"elementor-button-icon\">\n\t\t\t\t<svg xmlns=\"http:\/\/www.w3.org\/2000\/svg\" width=\"10\" height=\"10\" viewBox=\"0 0 10 10\" fill=\"none\"><path d=\"M0.554347 9.9751C0.554347 9.9751 0.291751 10.0311 0.175048 9.9751C0.0875207 9.91907 1.07062e-06 9.80706 1.06895e-06 9.667L9.58047e-07 0.366699C9.56377e-07 0.226634 0.0875205 0.114538 0.175048 0.0585127C0.291751 0.00248688 0.437644 -0.0254679 0.554347 0.0305579L9.80306 4.70866C10.0656 4.82071 10.0656 5.2129 9.80306 5.32495L0.554347 9.9751Z\" fill=\"black\"><\/path><\/svg>\t\t\t<\/span>\n\t\t\t\t\t\t\t\t\t<span class=\"elementor-button-text\">RENCONTREZ L'EQUIPE<\/span>\n\t\t\t\t\t<\/span>\n\t\t\t\t\t<\/a>\n\t\t<\/div>\n\t\t\t\t<\/div>\n\t\t\t\t<\/div>\n\t\t\t\t\t<\/div>\n\t\t\t\t<\/div>\n\t\t\t\t\t<\/div>\n\t\t\t\t<\/div>\n\t\t<div class=\"elementor-element elementor-element-d6dd12d main-container e-flex e-con-boxed e-con e-parent\" data-id=\"d6dd12d\" data-element_type=\"container\">\n\t\t\t\t\t<div class=\"e-con-inner\">\n\t\t<div class=\"elementor-element elementor-element-5d9f2f46 inner-container e-flex e-con-boxed e-con e-child\" data-id=\"5d9f2f46\" data-element_type=\"container\" data-settings=\"{&quot;background_background&quot;:&quot;classic&quot;}\">\n\t\t\t\t\t<div class=\"e-con-inner\">\n\t\t\t\t<div class=\"elementor-element elementor-element-326982ae elementor-widget elementor-widget-button\" data-id=\"326982ae\" data-element_type=\"widget\" data-widget_type=\"button.default\">\n\t\t\t\t<div class=\"elementor-widget-container\">\n\t\t\t\t\t<div class=\"elementor-button-wrapper\">\n\t\t\t<a class=\"elementor-button elementor-button-link elementor-size-sm\" href=\"https:\/\/55legal.lu\/services\/\">\n\t\t\t\t\t\t<span class=\"elementor-button-content-wrapper\">\n\t\t\t\t\t\t\t\t\t<span class=\"elementor-button-text\">Services<\/span>\n\t\t\t\t\t<\/span>\n\t\t\t\t\t<\/a>\n\t\t<\/div>\n\t\t\t\t<\/div>\n\t\t\t\t<\/div>\n\t\t\t\t\t<\/div>\n\t\t\t\t<\/div>\n\t\t\t\t\t<\/div>\n\t\t\t\t<\/div>\n\t\t\t\t<\/div>\n\t\t","protected":false},"excerpt":{"rendered":"<p>Charles Heisbourg associ\u00e9 Charles est un avocat M&amp;A de formation. Il a pass\u00e9 les premi\u00e8res ann\u00e9es de sa carri\u00e8re au sein de l\u2019\u00e9quipe de droit des soci\u00e9t\u00e9s du plus grand cabinet d\u2019affaires luxembourgeois.Il est ensuite devenu le premier directeur juridique d\u2019un groupe commercial luxembourgeois en vue de la cr\u00e9ation de la fonction juridique et en [&hellip;]<\/p>\n","protected":false},"author":6,"featured_media":0,"parent":0,"menu_order":0,"comment_status":"closed","ping_status":"closed","template":"elementor_header_footer","meta":{"footnotes":""},"class_list":["post-1859","page","type-page","status-publish","hentry"],"yoast_head":"<!-- This site is optimized with the Yoast SEO plugin v25.3.1 - https:\/\/yoast.com\/wordpress\/plugins\/seo\/ -->\n<title>Charles Heisbourg - 55LEGAL<\/title>\n<meta name=\"robots\" content=\"index, follow, max-snippet:-1, max-image-preview:large, max-video-preview:-1\" \/>\n<link rel=\"canonical\" href=\"https:\/\/55legal.lu\/fr\/charles-heisbourg\/\" \/>\n<meta property=\"og:locale\" content=\"fr_FR\" \/>\n<meta property=\"og:type\" content=\"article\" \/>\n<meta property=\"og:title\" content=\"Charles Heisbourg - 55LEGAL\" \/>\n<meta property=\"og:description\" content=\"Charles Heisbourg associ\u00e9 Charles est un avocat M&amp;A de formation. Il a pass\u00e9 les premi\u00e8res ann\u00e9es de sa carri\u00e8re au sein de l\u2019\u00e9quipe de droit des soci\u00e9t\u00e9s du plus grand cabinet d\u2019affaires luxembourgeois.Il est ensuite devenu le premier directeur juridique d\u2019un groupe commercial luxembourgeois en vue de la cr\u00e9ation de la fonction juridique et en [&hellip;]\" \/>\n<meta property=\"og:url\" content=\"https:\/\/55legal.lu\/fr\/charles-heisbourg\/\" \/>\n<meta property=\"og:site_name\" content=\"55LEGAL\" \/>\n<meta property=\"article:modified_time\" content=\"2025-12-19T11:53:19+00:00\" \/>\n<meta property=\"og:image\" content=\"https:\/\/55legal.lu\/wp-content\/uploads\/2025\/12\/CH2.png\" \/>\n\t<meta property=\"og:image:width\" content=\"489\" \/>\n\t<meta property=\"og:image:height\" content=\"634\" \/>\n\t<meta property=\"og:image:type\" content=\"image\/png\" \/>\n<meta name=\"twitter:card\" content=\"summary_large_image\" \/>\n<meta name=\"twitter:label1\" content=\"Dur\u00e9e de lecture estim\u00e9e\" \/>\n\t<meta name=\"twitter:data1\" content=\"2 minutes\" \/>\n<script type=\"application\/ld+json\" class=\"yoast-schema-graph\">{\"@context\":\"https:\/\/schema.org\",\"@graph\":[{\"@type\":\"WebPage\",\"@id\":\"https:\/\/55legal.lu\/fr\/charles-heisbourg\/\",\"url\":\"https:\/\/55legal.lu\/fr\/charles-heisbourg\/\",\"name\":\"Charles Heisbourg - 55LEGAL\",\"isPartOf\":{\"@id\":\"https:\/\/55legal.lu\/fr\/#website\"},\"primaryImageOfPage\":{\"@id\":\"https:\/\/55legal.lu\/fr\/charles-heisbourg\/#primaryimage\"},\"image\":{\"@id\":\"https:\/\/55legal.lu\/fr\/charles-heisbourg\/#primaryimage\"},\"thumbnailUrl\":\"https:\/\/55legal.lu\/wp-content\/uploads\/2025\/12\/CH2.png\",\"datePublished\":\"2025-12-18T08:19:45+00:00\",\"dateModified\":\"2025-12-19T11:53:19+00:00\",\"breadcrumb\":{\"@id\":\"https:\/\/55legal.lu\/fr\/charles-heisbourg\/#breadcrumb\"},\"inLanguage\":\"fr-FR\",\"potentialAction\":[{\"@type\":\"ReadAction\",\"target\":[\"https:\/\/55legal.lu\/fr\/charles-heisbourg\/\"]}]},{\"@type\":\"ImageObject\",\"inLanguage\":\"fr-FR\",\"@id\":\"https:\/\/55legal.lu\/fr\/charles-heisbourg\/#primaryimage\",\"url\":\"https:\/\/55legal.lu\/wp-content\/uploads\/2025\/12\/CH2.png\",\"contentUrl\":\"https:\/\/55legal.lu\/wp-content\/uploads\/2025\/12\/CH2.png\"},{\"@type\":\"BreadcrumbList\",\"@id\":\"https:\/\/55legal.lu\/fr\/charles-heisbourg\/#breadcrumb\",\"itemListElement\":[{\"@type\":\"ListItem\",\"position\":1,\"name\":\"Home\",\"item\":\"https:\/\/55legal.lu\/fr\/\"},{\"@type\":\"ListItem\",\"position\":2,\"name\":\"Charles Heisbourg\"}]},{\"@type\":\"WebSite\",\"@id\":\"https:\/\/55legal.lu\/fr\/#website\",\"url\":\"https:\/\/55legal.lu\/fr\/\",\"name\":\"55LEGAL\",\"description\":\"\",\"publisher\":{\"@id\":\"https:\/\/55legal.lu\/fr\/#organization\"},\"potentialAction\":[{\"@type\":\"SearchAction\",\"target\":{\"@type\":\"EntryPoint\",\"urlTemplate\":\"https:\/\/55legal.lu\/fr\/?s={search_term_string}\"},\"query-input\":{\"@type\":\"PropertyValueSpecification\",\"valueRequired\":true,\"valueName\":\"search_term_string\"}}],\"inLanguage\":\"fr-FR\"},{\"@type\":\"Organization\",\"@id\":\"https:\/\/55legal.lu\/fr\/#organization\",\"name\":\"55LEGAL\",\"url\":\"https:\/\/55legal.lu\/fr\/\",\"logo\":{\"@type\":\"ImageObject\",\"inLanguage\":\"fr-FR\",\"@id\":\"https:\/\/55legal.lu\/fr\/#\/schema\/logo\/image\/\",\"url\":\"https:\/\/55legal.lu\/wp-content\/uploads\/2024\/09\/logo-55legal.svg\",\"contentUrl\":\"https:\/\/55legal.lu\/wp-content\/uploads\/2024\/09\/logo-55legal.svg\",\"width\":159,\"height\":19,\"caption\":\"55LEGAL\"},\"image\":{\"@id\":\"https:\/\/55legal.lu\/fr\/#\/schema\/logo\/image\/\"}}]}<\/script>\n<!-- \/ Yoast SEO plugin. -->","yoast_head_json":{"title":"Charles Heisbourg - 55LEGAL","robots":{"index":"index","follow":"follow","max-snippet":"max-snippet:-1","max-image-preview":"max-image-preview:large","max-video-preview":"max-video-preview:-1"},"canonical":"https:\/\/55legal.lu\/fr\/charles-heisbourg\/","og_locale":"fr_FR","og_type":"article","og_title":"Charles Heisbourg - 55LEGAL","og_description":"Charles Heisbourg associ\u00e9 Charles est un avocat M&amp;A de formation. Il a pass\u00e9 les premi\u00e8res ann\u00e9es de sa carri\u00e8re au sein de l\u2019\u00e9quipe de droit des soci\u00e9t\u00e9s du plus grand cabinet d\u2019affaires luxembourgeois.Il est ensuite devenu le premier directeur juridique d\u2019un groupe commercial luxembourgeois en vue de la cr\u00e9ation de la fonction juridique et en [&hellip;]","og_url":"https:\/\/55legal.lu\/fr\/charles-heisbourg\/","og_site_name":"55LEGAL","article_modified_time":"2025-12-19T11:53:19+00:00","og_image":[{"width":489,"height":634,"url":"https:\/\/55legal.lu\/wp-content\/uploads\/2025\/12\/CH2.png","type":"image\/png"}],"twitter_card":"summary_large_image","twitter_misc":{"Dur\u00e9e de lecture estim\u00e9e":"2 minutes"},"schema":{"@context":"https:\/\/schema.org","@graph":[{"@type":"WebPage","@id":"https:\/\/55legal.lu\/fr\/charles-heisbourg\/","url":"https:\/\/55legal.lu\/fr\/charles-heisbourg\/","name":"Charles Heisbourg - 55LEGAL","isPartOf":{"@id":"https:\/\/55legal.lu\/fr\/#website"},"primaryImageOfPage":{"@id":"https:\/\/55legal.lu\/fr\/charles-heisbourg\/#primaryimage"},"image":{"@id":"https:\/\/55legal.lu\/fr\/charles-heisbourg\/#primaryimage"},"thumbnailUrl":"https:\/\/55legal.lu\/wp-content\/uploads\/2025\/12\/CH2.png","datePublished":"2025-12-18T08:19:45+00:00","dateModified":"2025-12-19T11:53:19+00:00","breadcrumb":{"@id":"https:\/\/55legal.lu\/fr\/charles-heisbourg\/#breadcrumb"},"inLanguage":"fr-FR","potentialAction":[{"@type":"ReadAction","target":["https:\/\/55legal.lu\/fr\/charles-heisbourg\/"]}]},{"@type":"ImageObject","inLanguage":"fr-FR","@id":"https:\/\/55legal.lu\/fr\/charles-heisbourg\/#primaryimage","url":"https:\/\/55legal.lu\/wp-content\/uploads\/2025\/12\/CH2.png","contentUrl":"https:\/\/55legal.lu\/wp-content\/uploads\/2025\/12\/CH2.png"},{"@type":"BreadcrumbList","@id":"https:\/\/55legal.lu\/fr\/charles-heisbourg\/#breadcrumb","itemListElement":[{"@type":"ListItem","position":1,"name":"Home","item":"https:\/\/55legal.lu\/fr\/"},{"@type":"ListItem","position":2,"name":"Charles Heisbourg"}]},{"@type":"WebSite","@id":"https:\/\/55legal.lu\/fr\/#website","url":"https:\/\/55legal.lu\/fr\/","name":"55LEGAL","description":"","publisher":{"@id":"https:\/\/55legal.lu\/fr\/#organization"},"potentialAction":[{"@type":"SearchAction","target":{"@type":"EntryPoint","urlTemplate":"https:\/\/55legal.lu\/fr\/?s={search_term_string}"},"query-input":{"@type":"PropertyValueSpecification","valueRequired":true,"valueName":"search_term_string"}}],"inLanguage":"fr-FR"},{"@type":"Organization","@id":"https:\/\/55legal.lu\/fr\/#organization","name":"55LEGAL","url":"https:\/\/55legal.lu\/fr\/","logo":{"@type":"ImageObject","inLanguage":"fr-FR","@id":"https:\/\/55legal.lu\/fr\/#\/schema\/logo\/image\/","url":"https:\/\/55legal.lu\/wp-content\/uploads\/2024\/09\/logo-55legal.svg","contentUrl":"https:\/\/55legal.lu\/wp-content\/uploads\/2024\/09\/logo-55legal.svg","width":159,"height":19,"caption":"55LEGAL"},"image":{"@id":"https:\/\/55legal.lu\/fr\/#\/schema\/logo\/image\/"}}]}},"_links":{"self":[{"href":"https:\/\/55legal.lu\/fr\/wp-json\/wp\/v2\/pages\/1859","targetHints":{"allow":["GET"]}}],"collection":[{"href":"https:\/\/55legal.lu\/fr\/wp-json\/wp\/v2\/pages"}],"about":[{"href":"https:\/\/55legal.lu\/fr\/wp-json\/wp\/v2\/types\/page"}],"author":[{"embeddable":true,"href":"https:\/\/55legal.lu\/fr\/wp-json\/wp\/v2\/users\/6"}],"replies":[{"embeddable":true,"href":"https:\/\/55legal.lu\/fr\/wp-json\/wp\/v2\/comments?post=1859"}],"version-history":[{"count":16,"href":"https:\/\/55legal.lu\/fr\/wp-json\/wp\/v2\/pages\/1859\/revisions"}],"predecessor-version":[{"id":1970,"href":"https:\/\/55legal.lu\/fr\/wp-json\/wp\/v2\/pages\/1859\/revisions\/1970"}],"wp:attachment":[{"href":"https:\/\/55legal.lu\/fr\/wp-json\/wp\/v2\/media?parent=1859"}],"curies":[{"name":"wp","href":"https:\/\/api.w.org\/{rel}","templated":true}]}}