{"id":1864,"date":"2025-12-18T08:23:55","date_gmt":"2025-12-18T08:23:55","guid":{"rendered":"https:\/\/55legal.lu\/?page_id=1864"},"modified":"2025-12-19T11:54:35","modified_gmt":"2025-12-19T11:54:35","slug":"charles-duro","status":"publish","type":"page","link":"https:\/\/55legal.lu\/fr\/charles-duro\/","title":{"rendered":"Charles Duro"},"content":{"rendered":"\t\t<div data-elementor-type=\"wp-page\" data-elementor-id=\"1864\" class=\"elementor elementor-1864\" data-elementor-post-type=\"page\">\n\t\t\t\t<div class=\"elementor-element elementor-element-16779cd0 main-container e-flex e-con-boxed e-con e-parent\" data-id=\"16779cd0\" data-element_type=\"container\">\n\t\t\t\t\t<div class=\"e-con-inner\">\n\t\t<div class=\"elementor-element elementor-element-cf5dca e-con-full e-flex e-con e-child\" data-id=\"cf5dca\" data-element_type=\"container\" data-settings=\"{&quot;background_background&quot;:&quot;classic&quot;}\">\n\t\t<div class=\"elementor-element elementor-element-3dc0ce6d e-con-full about-col-1 e-flex e-con e-child\" data-id=\"3dc0ce6d\" data-element_type=\"container\">\n\t\t\t\t<div class=\"elementor-element elementor-element-2b098cd4 elementor-hidden-tablet elementor-hidden-mobile elementor-widget__width-inherit elementor-invisible elementor-widget elementor-widget-image\" data-id=\"2b098cd4\" data-element_type=\"widget\" data-settings=\"{&quot;_animation&quot;:&quot;fadeIn&quot;,&quot;_animation_delay&quot;:100}\" data-widget_type=\"image.default\">\n\t\t\t\t<div class=\"elementor-widget-container\">\n\t\t\t<style>\/*! elementor - v3.23.0 - 05-08-2024 *\/\n.elementor-widget-image{text-align:center}.elementor-widget-image a{display:inline-block}.elementor-widget-image a img[src$=\".svg\"]{width:48px}.elementor-widget-image img{vertical-align:middle;display:inline-block}<\/style>\t\t\t\t\t\t\t\t\t\t<img fetchpriority=\"high\" decoding=\"async\" width=\"489\" height=\"634\" src=\"https:\/\/55legal.lu\/wp-content\/uploads\/2025\/12\/image-2-1.png\" class=\"attachment-full size-full wp-image-1816\" alt=\"\" srcset=\"https:\/\/55legal.lu\/wp-content\/uploads\/2025\/12\/image-2-1.png 489w, https:\/\/55legal.lu\/wp-content\/uploads\/2025\/12\/image-2-1-231x300.png 231w\" sizes=\"(max-width: 489px) 100vw, 489px\" \/>\t\t\t\t\t\t\t\t\t\t\t\t\t<\/div>\n\t\t\t\t<\/div>\n\t\t\t\t<div class=\"elementor-element elementor-element-3c4f92ac elementor-hidden-desktop elementor-invisible elementor-widget elementor-widget-image\" data-id=\"3c4f92ac\" data-element_type=\"widget\" data-settings=\"{&quot;_animation&quot;:&quot;fadeIn&quot;,&quot;_animation_delay&quot;:200}\" data-widget_type=\"image.default\">\n\t\t\t\t<div class=\"elementor-widget-container\">\n\t\t\t\t\t\t\t\t\t\t\t\t\t<img decoding=\"async\" width=\"800\" height=\"532\" src=\"https:\/\/55legal.lu\/wp-content\/uploads\/2025\/10\/CD-2-1024x681.png\" class=\"attachment-large size-large wp-image-1575\" alt=\"\" srcset=\"https:\/\/55legal.lu\/wp-content\/uploads\/2025\/10\/CD-2-1024x681.png 1024w, https:\/\/55legal.lu\/wp-content\/uploads\/2025\/10\/CD-2-300x199.png 300w, https:\/\/55legal.lu\/wp-content\/uploads\/2025\/10\/CD-2-768x511.png 768w, https:\/\/55legal.lu\/wp-content\/uploads\/2025\/10\/CD-2.png 1536w\" sizes=\"(max-width: 800px) 100vw, 800px\" \/>\t\t\t\t\t\t\t\t\t\t\t\t\t<\/div>\n\t\t\t\t<\/div>\n\t\t\t\t<\/div>\n\t\t<div class=\"elementor-element elementor-element-296bd855 e-con-full about-col-2 e-flex e-con e-child\" data-id=\"296bd855\" data-element_type=\"container\" data-settings=\"{&quot;background_background&quot;:&quot;classic&quot;}\">\n\t\t<div class=\"elementor-element elementor-element-70ef05f e-flex e-con-boxed elementor-invisible e-con e-child\" data-id=\"70ef05f\" data-element_type=\"container\" data-settings=\"{&quot;animation&quot;:&quot;fadeIn&quot;,&quot;animation_delay&quot;:400}\">\n\t\t\t\t\t<div class=\"e-con-inner\">\n\t\t<div class=\"elementor-element elementor-element-575456e5 e-con-full e-flex elementor-invisible e-con e-child\" data-id=\"575456e5\" data-element_type=\"container\" data-settings=\"{&quot;animation&quot;:&quot;fadeIn&quot;,&quot;animation_delay&quot;:100}\">\n\t\t\t\t<div class=\"elementor-element elementor-element-628344df elementor-widget elementor-widget-heading\" data-id=\"628344df\" data-element_type=\"widget\" data-widget_type=\"heading.default\">\n\t\t\t\t<div class=\"elementor-widget-container\">\n\t\t\t<style>\/*! elementor - v3.23.0 - 05-08-2024 *\/\n.elementor-heading-title{padding:0;margin:0;line-height:1}.elementor-widget-heading .elementor-heading-title[class*=elementor-size-]>a{color:inherit;font-size:inherit;line-height:inherit}.elementor-widget-heading .elementor-heading-title.elementor-size-small{font-size:15px}.elementor-widget-heading .elementor-heading-title.elementor-size-medium{font-size:19px}.elementor-widget-heading .elementor-heading-title.elementor-size-large{font-size:29px}.elementor-widget-heading .elementor-heading-title.elementor-size-xl{font-size:39px}.elementor-widget-heading .elementor-heading-title.elementor-size-xxl{font-size:59px}<\/style><h2 class=\"elementor-heading-title elementor-size-default\">Charles Duro<\/h2>\t\t<\/div>\n\t\t\t\t<\/div>\n\t\t\t\t<div class=\"elementor-element elementor-element-71066f31 elementor-widget elementor-widget-heading\" data-id=\"71066f31\" data-element_type=\"widget\" data-widget_type=\"heading.default\">\n\t\t\t\t<div class=\"elementor-widget-container\">\n\t\t\t<p class=\"elementor-heading-title elementor-size-default\">associ\u00e9<\/p>\t\t<\/div>\n\t\t\t\t<\/div>\n\t\t\t\t<\/div>\n\t\t<div class=\"elementor-element elementor-element-4785439a e-con-full e-flex elementor-invisible e-con e-child\" data-id=\"4785439a\" data-element_type=\"container\" data-settings=\"{&quot;animation&quot;:&quot;fadeIn&quot;,&quot;animation_delay&quot;:200}\">\n\t\t\t\t<div class=\"elementor-element elementor-element-58af4e15 elementor-widget__width-inherit elementor-widget elementor-widget-text-editor\" data-id=\"58af4e15\" data-element_type=\"widget\" data-widget_type=\"text-editor.default\">\n\t\t\t\t<div class=\"elementor-widget-container\">\n\t\t\t<style>\/*! elementor - v3.23.0 - 05-08-2024 *\/\n.elementor-widget-text-editor.elementor-drop-cap-view-stacked .elementor-drop-cap{background-color:#69727d;color:#fff}.elementor-widget-text-editor.elementor-drop-cap-view-framed .elementor-drop-cap{color:#69727d;border:3px solid;background-color:transparent}.elementor-widget-text-editor:not(.elementor-drop-cap-view-default) .elementor-drop-cap{margin-top:8px}.elementor-widget-text-editor:not(.elementor-drop-cap-view-default) .elementor-drop-cap-letter{width:1em;height:1em}.elementor-widget-text-editor .elementor-drop-cap{float:left;text-align:center;line-height:1;font-size:50px}.elementor-widget-text-editor .elementor-drop-cap-letter{display:inline-block}<\/style>\t\t\t\t<p>Charles est un avocat en droit fiscal et en droit des soci\u00e9t\u00e9s, dot\u00e9 d\u2019une expertise reconnue dans la structuration fiscale des fonds d\u2019investissement (private equity), la conformit\u00e9 FATCA\/CRS, les strat\u00e9gies fiscales en mati\u00e8re de fusions-acquisitions (M&amp;A) et le contentieux fiscal. Au fil des ann\u00e9es, il a perfectionn\u00e9 sa capacit\u00e9 \u00e0 concevoir des structures fiscales sophistiqu\u00e9es et \u00e0 les mettre en \u0153uvre avec fluidit\u00e9, offrant ainsi \u00e0 ses clients des perspectives strat\u00e9giques combin\u00e9es \u00e0 une ex\u00e9cution pragmatique.<\/p><p>Apr\u00e8s cinq ans au sein de l\u2019\u00e9quipe fiscale d\u2019un cabinet Magic Circle, Charles a poursuivi sa carri\u00e8re dans une boutique en droit des affaires, o\u00f9 il a renforc\u00e9 ses comp\u00e9tences dans la gestion de cadres juridiques et fiscaux complexes, adoptant une approche pragmatique et concr\u00e8te.<\/p><p>Passionn\u00e9 par le partage de connaissances, Charles intervient r\u00e9guli\u00e8rement dans des universit\u00e9s, anime des ateliers et publie des articles sur des sujets juridiques et fiscaux novateurs. Ses int\u00e9r\u00eats s\u2019\u00e9tendent \u00e9galement \u00e0 des domaines innovants tels que l\u2019Internet des objets (IoT) et la technologie des registres distribu\u00e9s (DLT), avec des conseils r\u00e9guliers apport\u00e9s aux start-ups sur ces th\u00e9matiques.<\/p><p>Charles est membre actif du Barreau de Luxembourg ainsi que de l\u2019AIJA (Association Internationale des Jeunes Avocats).<\/p><p>Sa r\u00e9putation dans le domaine est attest\u00e9e par sa reconnaissance comme l\u2019un des 100 avocats cl\u00e9s au Luxembourg et parmi les 10 meilleurs avocats fiscalistes du pays (Paperjam 2022).<\/p><p>Charles a rejoint 55LEGAL en 2025.<\/p>\t\t\t\t\t\t<\/div>\n\t\t\t\t<\/div>\n\t\t\t\t<\/div>\n\t\t<div class=\"elementor-element elementor-element-35225441 e-con-full e-flex elementor-invisible e-con e-child\" data-id=\"35225441\" data-element_type=\"container\" data-settings=\"{&quot;background_background&quot;:&quot;classic&quot;,&quot;animation&quot;:&quot;fadeIn&quot;,&quot;animation_delay&quot;:300}\">\n\t\t<div class=\"elementor-element elementor-element-4aaeef9 e-con-full e-flex e-con e-child\" data-id=\"4aaeef9\" data-element_type=\"container\">\n\t\t\t\t<div class=\"elementor-element elementor-element-14ef8e66 elementor-icon-list--layout-traditional elementor-list-item-link-full_width elementor-widget elementor-widget-icon-list\" data-id=\"14ef8e66\" data-element_type=\"widget\" data-widget_type=\"icon-list.default\">\n\t\t\t\t<div class=\"elementor-widget-container\">\n\t\t\t<link rel=\"stylesheet\" href=\"https:\/\/55legal.lu\/wp-content\/plugins\/elementor\/assets\/css\/widget-icon-list.min.css\">\t\t<ul class=\"elementor-icon-list-items\">\n\t\t\t\t\t\t\t<li class=\"elementor-icon-list-item\">\n\t\t\t\t\t\t\t\t\t\t\t<span class=\"elementor-icon-list-icon\">\n\t\t\t\t\t\t\t<svg xmlns=\"http:\/\/www.w3.org\/2000\/svg\" width=\"10\" height=\"10\" viewBox=\"0 0 10 10\" fill=\"none\"><path d=\"M0.554347 9.9751C0.554347 9.9751 0.291751 10.0311 0.175048 9.9751C0.0875207 9.91908 1.07062e-06 9.80706 1.06895e-06 9.667L9.58047e-07 0.366699C9.56377e-07 0.226634 0.0875206 0.114538 0.175048 0.0585127C0.291751 0.00248688 0.437644 -0.0254679 0.554347 0.0305579L9.80306 4.70866C10.0656 4.82071 10.0656 5.2129 9.80306 5.32495L0.554347 9.9751Z\" fill=\"#E91E5B\"><\/path><\/svg>\t\t\t\t\t\t<\/span>\n\t\t\t\t\t\t\t\t\t\t<span class=\"elementor-icon-list-text\">Formation<\/span>\n\t\t\t\t\t\t\t\t\t<\/li>\n\t\t\t\t\t\t<\/ul>\n\t\t\t\t<\/div>\n\t\t\t\t<\/div>\n\t\t\t\t<div class=\"elementor-element elementor-element-37f3034c elementor-widget__width-inherit elementor-widget elementor-widget-text-editor\" data-id=\"37f3034c\" data-element_type=\"widget\" data-widget_type=\"text-editor.default\">\n\t\t\t\t<div class=\"elementor-widget-container\">\n\t\t\t\t\t\t\t<p>Charles est dipl\u00f4m\u00e9 de la facult\u00e9 de droit d\u2019Aix-en-Provence, (Master 2, Ing\u00e9nierie des soci\u00e9t\u00e9s ainsi qu\u2019un dipl\u00f4me de juriste conseil en entreprise (DJCE)). Il a \u00e9galement obtenu un LLM en fiscalit\u00e9 internationale \u00e0 King\u2019s College London.<\/p>\t\t\t\t\t\t<\/div>\n\t\t\t\t<\/div>\n\t\t\t\t<\/div>\n\t\t<div class=\"elementor-element elementor-element-4e15d4fa e-con-full e-flex e-con e-child\" data-id=\"4e15d4fa\" data-element_type=\"container\">\n\t\t\t\t<div class=\"elementor-element elementor-element-417f09b1 elementor-icon-list--layout-traditional elementor-list-item-link-full_width elementor-widget elementor-widget-icon-list\" data-id=\"417f09b1\" data-element_type=\"widget\" data-widget_type=\"icon-list.default\">\n\t\t\t\t<div class=\"elementor-widget-container\">\n\t\t\t\t\t<ul class=\"elementor-icon-list-items\">\n\t\t\t\t\t\t\t<li class=\"elementor-icon-list-item\">\n\t\t\t\t\t\t\t\t\t\t\t<span class=\"elementor-icon-list-icon\">\n\t\t\t\t\t\t\t<svg xmlns=\"http:\/\/www.w3.org\/2000\/svg\" width=\"10\" height=\"10\" viewBox=\"0 0 10 10\" fill=\"none\"><path d=\"M0.554347 9.9751C0.554347 9.9751 0.291751 10.0311 0.175048 9.9751C0.0875207 9.91908 1.07062e-06 9.80706 1.06895e-06 9.667L9.58047e-07 0.366699C9.56377e-07 0.226634 0.0875206 0.114538 0.175048 0.0585127C0.291751 0.00248688 0.437644 -0.0254679 0.554347 0.0305579L9.80306 4.70866C10.0656 4.82071 10.0656 5.2129 9.80306 5.32495L0.554347 9.9751Z\" fill=\"#E91E5B\"><\/path><\/svg>\t\t\t\t\t\t<\/span>\n\t\t\t\t\t\t\t\t\t\t<span class=\"elementor-icon-list-text\">Langues<\/span>\n\t\t\t\t\t\t\t\t\t<\/li>\n\t\t\t\t\t\t<\/ul>\n\t\t\t\t<\/div>\n\t\t\t\t<\/div>\n\t\t\t\t<div class=\"elementor-element elementor-element-76417163 elementor-widget__width-inherit elementor-widget elementor-widget-text-editor\" data-id=\"76417163\" data-element_type=\"widget\" data-widget_type=\"text-editor.default\">\n\t\t\t\t<div class=\"elementor-widget-container\">\n\t\t\t\t\t\t\t<p>Conseil en anglais, fran\u00e7ais, allemand et luxembourgeois.<\/p>\t\t\t\t\t\t<\/div>\n\t\t\t\t<\/div>\n\t\t\t\t<\/div>\n\t\t\t\t<\/div>\n\t\t<div class=\"elementor-element elementor-element-2d1bd5ec e-con-full e-flex elementor-invisible e-con e-child\" data-id=\"2d1bd5ec\" data-element_type=\"container\" data-settings=\"{&quot;background_background&quot;:&quot;classic&quot;,&quot;animation&quot;:&quot;fadeIn&quot;,&quot;animation_delay&quot;:300}\">\n\t\t<div class=\"elementor-element elementor-element-7e73cce5 e-con-full e-flex e-con e-child\" data-id=\"7e73cce5\" data-element_type=\"container\">\n\t\t\t\t<div class=\"elementor-element elementor-element-1b578516 elementor-icon-list--layout-traditional elementor-list-item-link-full_width elementor-widget elementor-widget-icon-list\" data-id=\"1b578516\" data-element_type=\"widget\" data-widget_type=\"icon-list.default\">\n\t\t\t\t<div class=\"elementor-widget-container\">\n\t\t\t\t\t<ul class=\"elementor-icon-list-items\">\n\t\t\t\t\t\t\t<li class=\"elementor-icon-list-item\">\n\t\t\t\t\t\t\t\t\t\t\t<span class=\"elementor-icon-list-icon\">\n\t\t\t\t\t\t\t<svg xmlns=\"http:\/\/www.w3.org\/2000\/svg\" width=\"10\" height=\"10\" viewBox=\"0 0 10 10\" fill=\"none\"><path d=\"M0.554347 9.9751C0.554347 9.9751 0.291751 10.0311 0.175048 9.9751C0.0875207 9.91908 1.07062e-06 9.80706 1.06895e-06 9.667L9.58047e-07 0.366699C9.56377e-07 0.226634 0.0875206 0.114538 0.175048 0.0585127C0.291751 0.00248688 0.437644 -0.0254679 0.554347 0.0305579L9.80306 4.70866C10.0656 4.82071 10.0656 5.2129 9.80306 5.32495L0.554347 9.9751Z\" fill=\"#E91E5B\"><\/path><\/svg>\t\t\t\t\t\t<\/span>\n\t\t\t\t\t\t\t\t\t\t<span class=\"elementor-icon-list-text\">Contact<\/span>\n\t\t\t\t\t\t\t\t\t<\/li>\n\t\t\t\t\t\t<\/ul>\n\t\t\t\t<\/div>\n\t\t\t\t<\/div>\n\t\t\t\t<div class=\"elementor-element elementor-element-5addd7b0 elementor-widget__width-inherit elementor-widget elementor-widget-text-editor\" data-id=\"5addd7b0\" data-element_type=\"widget\" data-widget_type=\"text-editor.default\">\n\t\t\t\t<div class=\"elementor-widget-container\">\n\t\t\t\t\t\t\t<p><a href=\"mailto:charles.duro@55legal.lu\" target=\"_blank\" rel=\"noopener\">charles.duro@55legal.lu<\/a><\/p><p><a href=\"tel:+352 621 321 565\">+352 621 321 565<\/a><\/p>\t\t\t\t\t\t<\/div>\n\t\t\t\t<\/div>\n\t\t\t\t<\/div>\n\t\t\t\t<\/div>\n\t\t\t\t\t<\/div>\n\t\t\t\t<\/div>\n\t\t\t\t<\/div>\n\t\t\t\t<\/div>\n\t\t\t\t\t<\/div>\n\t\t\t\t<\/div>\n\t\t<div class=\"elementor-element elementor-element-1ad6473d main-container e-flex e-con-boxed e-con e-parent\" data-id=\"1ad6473d\" data-element_type=\"container\">\n\t\t\t\t\t<div class=\"e-con-inner\">\n\t\t<div class=\"elementor-element elementor-element-79570aff e-flex e-con-boxed e-con e-child\" data-id=\"79570aff\" data-element_type=\"container\" data-settings=\"{&quot;background_background&quot;:&quot;classic&quot;}\">\n\t\t\t\t\t<div class=\"e-con-inner\">\n\t\t\t\t<div class=\"elementor-element elementor-element-2bfd7ccf elementor-widget elementor-widget-button\" data-id=\"2bfd7ccf\" data-element_type=\"widget\" data-widget_type=\"button.default\">\n\t\t\t\t<div class=\"elementor-widget-container\">\n\t\t\t\t\t<div class=\"elementor-button-wrapper\">\n\t\t\t<a class=\"elementor-button elementor-button-link elementor-size-sm\" href=\"https:\/\/55legal.lu\/fr\/equipe\/\">\n\t\t\t\t\t\t<span class=\"elementor-button-content-wrapper\">\n\t\t\t\t\t\t<span class=\"elementor-button-icon\">\n\t\t\t\t<svg xmlns=\"http:\/\/www.w3.org\/2000\/svg\" width=\"10\" height=\"10\" viewBox=\"0 0 10 10\" fill=\"none\"><path d=\"M0.554347 9.9751C0.554347 9.9751 0.291751 10.0311 0.175048 9.9751C0.0875207 9.91907 1.07062e-06 9.80706 1.06895e-06 9.667L9.58047e-07 0.366699C9.56377e-07 0.226634 0.0875205 0.114538 0.175048 0.0585127C0.291751 0.00248688 0.437644 -0.0254679 0.554347 0.0305579L9.80306 4.70866C10.0656 4.82071 10.0656 5.2129 9.80306 5.32495L0.554347 9.9751Z\" fill=\"black\"><\/path><\/svg>\t\t\t<\/span>\n\t\t\t\t\t\t\t\t\t<span class=\"elementor-button-text\">RENCONTREZ L'EQUIPE<\/span>\n\t\t\t\t\t<\/span>\n\t\t\t\t\t<\/a>\n\t\t<\/div>\n\t\t\t\t<\/div>\n\t\t\t\t<\/div>\n\t\t\t\t\t<\/div>\n\t\t\t\t<\/div>\n\t\t\t\t\t<\/div>\n\t\t\t\t<\/div>\n\t\t<div class=\"elementor-element elementor-element-1ce04fee main-container e-flex e-con-boxed e-con e-parent\" data-id=\"1ce04fee\" data-element_type=\"container\">\n\t\t\t\t\t<div class=\"e-con-inner\">\n\t\t<div class=\"elementor-element elementor-element-3610005b inner-container e-flex e-con-boxed e-con e-child\" data-id=\"3610005b\" data-element_type=\"container\" data-settings=\"{&quot;background_background&quot;:&quot;classic&quot;}\">\n\t\t\t\t\t<div class=\"e-con-inner\">\n\t\t\t\t<div class=\"elementor-element elementor-element-3ceac7e3 elementor-widget elementor-widget-button\" data-id=\"3ceac7e3\" data-element_type=\"widget\" data-widget_type=\"button.default\">\n\t\t\t\t<div class=\"elementor-widget-container\">\n\t\t\t\t\t<div class=\"elementor-button-wrapper\">\n\t\t\t<a class=\"elementor-button elementor-button-link elementor-size-sm\" href=\"https:\/\/55legal.lu\/services\/\">\n\t\t\t\t\t\t<span class=\"elementor-button-content-wrapper\">\n\t\t\t\t\t\t\t\t\t<span class=\"elementor-button-text\">Services<\/span>\n\t\t\t\t\t<\/span>\n\t\t\t\t\t<\/a>\n\t\t<\/div>\n\t\t\t\t<\/div>\n\t\t\t\t<\/div>\n\t\t\t\t\t<\/div>\n\t\t\t\t<\/div>\n\t\t\t\t\t<\/div>\n\t\t\t\t<\/div>\n\t\t\t\t<\/div>\n\t\t","protected":false},"excerpt":{"rendered":"<p>Charles Duro associ\u00e9 Charles est un avocat en droit fiscal et en droit des soci\u00e9t\u00e9s, dot\u00e9 d\u2019une expertise reconnue dans la structuration fiscale des fonds d\u2019investissement (private equity), la conformit\u00e9 FATCA\/CRS, les strat\u00e9gies fiscales en mati\u00e8re de fusions-acquisitions (M&amp;A) et le contentieux fiscal. Au fil des ann\u00e9es, il a perfectionn\u00e9 sa capacit\u00e9 \u00e0 concevoir des [&hellip;]<\/p>\n","protected":false},"author":6,"featured_media":0,"parent":0,"menu_order":0,"comment_status":"closed","ping_status":"closed","template":"elementor_header_footer","meta":{"footnotes":""},"class_list":["post-1864","page","type-page","status-publish","hentry"],"yoast_head":"<!-- This site is optimized with the Yoast SEO plugin v25.3.1 - https:\/\/yoast.com\/wordpress\/plugins\/seo\/ -->\n<title>Charles Duro - 55LEGAL<\/title>\n<meta name=\"robots\" content=\"index, follow, max-snippet:-1, max-image-preview:large, max-video-preview:-1\" \/>\n<link rel=\"canonical\" href=\"https:\/\/55legal.lu\/fr\/charles-duro\/\" \/>\n<meta property=\"og:locale\" content=\"fr_FR\" \/>\n<meta property=\"og:type\" content=\"article\" \/>\n<meta property=\"og:title\" content=\"Charles Duro - 55LEGAL\" \/>\n<meta property=\"og:description\" content=\"Charles Duro associ\u00e9 Charles est un avocat en droit fiscal et en droit des soci\u00e9t\u00e9s, dot\u00e9 d\u2019une expertise reconnue dans la structuration fiscale des fonds d\u2019investissement (private equity), la conformit\u00e9 FATCA\/CRS, les strat\u00e9gies fiscales en mati\u00e8re de fusions-acquisitions (M&amp;A) et le contentieux fiscal. Au fil des ann\u00e9es, il a perfectionn\u00e9 sa capacit\u00e9 \u00e0 concevoir des [&hellip;]\" \/>\n<meta property=\"og:url\" content=\"https:\/\/55legal.lu\/fr\/charles-duro\/\" \/>\n<meta property=\"og:site_name\" content=\"55LEGAL\" \/>\n<meta property=\"article:modified_time\" content=\"2025-12-19T11:54:35+00:00\" \/>\n<meta property=\"og:image\" content=\"https:\/\/55legal.lu\/wp-content\/uploads\/2025\/12\/image-2-1.png\" \/>\n\t<meta property=\"og:image:width\" content=\"489\" \/>\n\t<meta property=\"og:image:height\" content=\"634\" \/>\n\t<meta property=\"og:image:type\" content=\"image\/png\" \/>\n<meta name=\"twitter:card\" content=\"summary_large_image\" \/>\n<meta name=\"twitter:label1\" content=\"Dur\u00e9e de lecture estim\u00e9e\" \/>\n\t<meta name=\"twitter:data1\" content=\"2 minutes\" \/>\n<script type=\"application\/ld+json\" class=\"yoast-schema-graph\">{\"@context\":\"https:\/\/schema.org\",\"@graph\":[{\"@type\":\"WebPage\",\"@id\":\"https:\/\/55legal.lu\/fr\/charles-duro\/\",\"url\":\"https:\/\/55legal.lu\/fr\/charles-duro\/\",\"name\":\"Charles Duro - 55LEGAL\",\"isPartOf\":{\"@id\":\"https:\/\/55legal.lu\/fr\/#website\"},\"primaryImageOfPage\":{\"@id\":\"https:\/\/55legal.lu\/fr\/charles-duro\/#primaryimage\"},\"image\":{\"@id\":\"https:\/\/55legal.lu\/fr\/charles-duro\/#primaryimage\"},\"thumbnailUrl\":\"https:\/\/55legal.lu\/wp-content\/uploads\/2025\/12\/image-2-1.png\",\"datePublished\":\"2025-12-18T08:23:55+00:00\",\"dateModified\":\"2025-12-19T11:54:35+00:00\",\"breadcrumb\":{\"@id\":\"https:\/\/55legal.lu\/fr\/charles-duro\/#breadcrumb\"},\"inLanguage\":\"fr-FR\",\"potentialAction\":[{\"@type\":\"ReadAction\",\"target\":[\"https:\/\/55legal.lu\/fr\/charles-duro\/\"]}]},{\"@type\":\"ImageObject\",\"inLanguage\":\"fr-FR\",\"@id\":\"https:\/\/55legal.lu\/fr\/charles-duro\/#primaryimage\",\"url\":\"https:\/\/55legal.lu\/wp-content\/uploads\/2025\/12\/image-2-1.png\",\"contentUrl\":\"https:\/\/55legal.lu\/wp-content\/uploads\/2025\/12\/image-2-1.png\"},{\"@type\":\"BreadcrumbList\",\"@id\":\"https:\/\/55legal.lu\/fr\/charles-duro\/#breadcrumb\",\"itemListElement\":[{\"@type\":\"ListItem\",\"position\":1,\"name\":\"Home\",\"item\":\"https:\/\/55legal.lu\/fr\/\"},{\"@type\":\"ListItem\",\"position\":2,\"name\":\"Charles Duro\"}]},{\"@type\":\"WebSite\",\"@id\":\"https:\/\/55legal.lu\/fr\/#website\",\"url\":\"https:\/\/55legal.lu\/fr\/\",\"name\":\"55LEGAL\",\"description\":\"\",\"publisher\":{\"@id\":\"https:\/\/55legal.lu\/fr\/#organization\"},\"potentialAction\":[{\"@type\":\"SearchAction\",\"target\":{\"@type\":\"EntryPoint\",\"urlTemplate\":\"https:\/\/55legal.lu\/fr\/?s={search_term_string}\"},\"query-input\":{\"@type\":\"PropertyValueSpecification\",\"valueRequired\":true,\"valueName\":\"search_term_string\"}}],\"inLanguage\":\"fr-FR\"},{\"@type\":\"Organization\",\"@id\":\"https:\/\/55legal.lu\/fr\/#organization\",\"name\":\"55LEGAL\",\"url\":\"https:\/\/55legal.lu\/fr\/\",\"logo\":{\"@type\":\"ImageObject\",\"inLanguage\":\"fr-FR\",\"@id\":\"https:\/\/55legal.lu\/fr\/#\/schema\/logo\/image\/\",\"url\":\"https:\/\/55legal.lu\/wp-content\/uploads\/2024\/09\/logo-55legal.svg\",\"contentUrl\":\"https:\/\/55legal.lu\/wp-content\/uploads\/2024\/09\/logo-55legal.svg\",\"width\":159,\"height\":19,\"caption\":\"55LEGAL\"},\"image\":{\"@id\":\"https:\/\/55legal.lu\/fr\/#\/schema\/logo\/image\/\"}}]}<\/script>\n<!-- \/ Yoast SEO plugin. -->","yoast_head_json":{"title":"Charles Duro - 55LEGAL","robots":{"index":"index","follow":"follow","max-snippet":"max-snippet:-1","max-image-preview":"max-image-preview:large","max-video-preview":"max-video-preview:-1"},"canonical":"https:\/\/55legal.lu\/fr\/charles-duro\/","og_locale":"fr_FR","og_type":"article","og_title":"Charles Duro - 55LEGAL","og_description":"Charles Duro associ\u00e9 Charles est un avocat en droit fiscal et en droit des soci\u00e9t\u00e9s, dot\u00e9 d\u2019une expertise reconnue dans la structuration fiscale des fonds d\u2019investissement (private equity), la conformit\u00e9 FATCA\/CRS, les strat\u00e9gies fiscales en mati\u00e8re de fusions-acquisitions (M&amp;A) et le contentieux fiscal. Au fil des ann\u00e9es, il a perfectionn\u00e9 sa capacit\u00e9 \u00e0 concevoir des [&hellip;]","og_url":"https:\/\/55legal.lu\/fr\/charles-duro\/","og_site_name":"55LEGAL","article_modified_time":"2025-12-19T11:54:35+00:00","og_image":[{"width":489,"height":634,"url":"https:\/\/55legal.lu\/wp-content\/uploads\/2025\/12\/image-2-1.png","type":"image\/png"}],"twitter_card":"summary_large_image","twitter_misc":{"Dur\u00e9e de lecture estim\u00e9e":"2 minutes"},"schema":{"@context":"https:\/\/schema.org","@graph":[{"@type":"WebPage","@id":"https:\/\/55legal.lu\/fr\/charles-duro\/","url":"https:\/\/55legal.lu\/fr\/charles-duro\/","name":"Charles Duro - 55LEGAL","isPartOf":{"@id":"https:\/\/55legal.lu\/fr\/#website"},"primaryImageOfPage":{"@id":"https:\/\/55legal.lu\/fr\/charles-duro\/#primaryimage"},"image":{"@id":"https:\/\/55legal.lu\/fr\/charles-duro\/#primaryimage"},"thumbnailUrl":"https:\/\/55legal.lu\/wp-content\/uploads\/2025\/12\/image-2-1.png","datePublished":"2025-12-18T08:23:55+00:00","dateModified":"2025-12-19T11:54:35+00:00","breadcrumb":{"@id":"https:\/\/55legal.lu\/fr\/charles-duro\/#breadcrumb"},"inLanguage":"fr-FR","potentialAction":[{"@type":"ReadAction","target":["https:\/\/55legal.lu\/fr\/charles-duro\/"]}]},{"@type":"ImageObject","inLanguage":"fr-FR","@id":"https:\/\/55legal.lu\/fr\/charles-duro\/#primaryimage","url":"https:\/\/55legal.lu\/wp-content\/uploads\/2025\/12\/image-2-1.png","contentUrl":"https:\/\/55legal.lu\/wp-content\/uploads\/2025\/12\/image-2-1.png"},{"@type":"BreadcrumbList","@id":"https:\/\/55legal.lu\/fr\/charles-duro\/#breadcrumb","itemListElement":[{"@type":"ListItem","position":1,"name":"Home","item":"https:\/\/55legal.lu\/fr\/"},{"@type":"ListItem","position":2,"name":"Charles Duro"}]},{"@type":"WebSite","@id":"https:\/\/55legal.lu\/fr\/#website","url":"https:\/\/55legal.lu\/fr\/","name":"55LEGAL","description":"","publisher":{"@id":"https:\/\/55legal.lu\/fr\/#organization"},"potentialAction":[{"@type":"SearchAction","target":{"@type":"EntryPoint","urlTemplate":"https:\/\/55legal.lu\/fr\/?s={search_term_string}"},"query-input":{"@type":"PropertyValueSpecification","valueRequired":true,"valueName":"search_term_string"}}],"inLanguage":"fr-FR"},{"@type":"Organization","@id":"https:\/\/55legal.lu\/fr\/#organization","name":"55LEGAL","url":"https:\/\/55legal.lu\/fr\/","logo":{"@type":"ImageObject","inLanguage":"fr-FR","@id":"https:\/\/55legal.lu\/fr\/#\/schema\/logo\/image\/","url":"https:\/\/55legal.lu\/wp-content\/uploads\/2024\/09\/logo-55legal.svg","contentUrl":"https:\/\/55legal.lu\/wp-content\/uploads\/2024\/09\/logo-55legal.svg","width":159,"height":19,"caption":"55LEGAL"},"image":{"@id":"https:\/\/55legal.lu\/fr\/#\/schema\/logo\/image\/"}}]}},"_links":{"self":[{"href":"https:\/\/55legal.lu\/fr\/wp-json\/wp\/v2\/pages\/1864","targetHints":{"allow":["GET"]}}],"collection":[{"href":"https:\/\/55legal.lu\/fr\/wp-json\/wp\/v2\/pages"}],"about":[{"href":"https:\/\/55legal.lu\/fr\/wp-json\/wp\/v2\/types\/page"}],"author":[{"embeddable":true,"href":"https:\/\/55legal.lu\/fr\/wp-json\/wp\/v2\/users\/6"}],"replies":[{"embeddable":true,"href":"https:\/\/55legal.lu\/fr\/wp-json\/wp\/v2\/comments?post=1864"}],"version-history":[{"count":10,"href":"https:\/\/55legal.lu\/fr\/wp-json\/wp\/v2\/pages\/1864\/revisions"}],"predecessor-version":[{"id":1973,"href":"https:\/\/55legal.lu\/fr\/wp-json\/wp\/v2\/pages\/1864\/revisions\/1973"}],"wp:attachment":[{"href":"https:\/\/55legal.lu\/fr\/wp-json\/wp\/v2\/media?parent=1864"}],"curies":[{"name":"wp","href":"https:\/\/api.w.org\/{rel}","templated":true}]}}