{"id":1872,"date":"2025-12-18T08:27:46","date_gmt":"2025-12-18T08:27:46","guid":{"rendered":"https:\/\/55legal.lu\/?page_id=1872"},"modified":"2025-12-19T11:55:34","modified_gmt":"2025-12-19T11:55:34","slug":"bob-calmes","status":"publish","type":"page","link":"https:\/\/55legal.lu\/fr\/bob-calmes\/","title":{"rendered":"Bob Calmes"},"content":{"rendered":"\t\t<div data-elementor-type=\"wp-page\" data-elementor-id=\"1872\" class=\"elementor elementor-1872\" data-elementor-post-type=\"page\">\n\t\t\t\t<div class=\"elementor-element elementor-element-28769930 main-container e-flex e-con-boxed e-con e-parent\" data-id=\"28769930\" data-element_type=\"container\">\n\t\t\t\t\t<div class=\"e-con-inner\">\n\t\t<div class=\"elementor-element elementor-element-47aefb6f e-con-full e-flex e-con e-child\" data-id=\"47aefb6f\" data-element_type=\"container\" data-settings=\"{&quot;background_background&quot;:&quot;classic&quot;}\">\n\t\t<div class=\"elementor-element elementor-element-3831912c e-con-full about-col-1 e-flex e-con e-child\" data-id=\"3831912c\" data-element_type=\"container\">\n\t\t\t\t<div class=\"elementor-element elementor-element-b67e0bc elementor-hidden-tablet elementor-hidden-mobile elementor-widget__width-inherit elementor-invisible elementor-widget elementor-widget-image\" data-id=\"b67e0bc\" data-element_type=\"widget\" data-settings=\"{&quot;_animation&quot;:&quot;fadeIn&quot;,&quot;_animation_delay&quot;:100}\" data-widget_type=\"image.default\">\n\t\t\t\t<div class=\"elementor-widget-container\">\n\t\t\t<style>\/*! elementor - v3.23.0 - 05-08-2024 *\/\n.elementor-widget-image{text-align:center}.elementor-widget-image a{display:inline-block}.elementor-widget-image a img[src$=\".svg\"]{width:48px}.elementor-widget-image img{vertical-align:middle;display:inline-block}<\/style>\t\t\t\t\t\t\t\t\t\t<img fetchpriority=\"high\" decoding=\"async\" width=\"489\" height=\"634\" src=\"https:\/\/55legal.lu\/wp-content\/uploads\/2025\/12\/image-3-1.png\" class=\"attachment-full size-full wp-image-1811\" alt=\"\" srcset=\"https:\/\/55legal.lu\/wp-content\/uploads\/2025\/12\/image-3-1.png 489w, https:\/\/55legal.lu\/wp-content\/uploads\/2025\/12\/image-3-1-231x300.png 231w\" sizes=\"(max-width: 489px) 100vw, 489px\" \/>\t\t\t\t\t\t\t\t\t\t\t\t\t<\/div>\n\t\t\t\t<\/div>\n\t\t\t\t<div class=\"elementor-element elementor-element-612d09c5 elementor-hidden-desktop elementor-invisible elementor-widget elementor-widget-image\" data-id=\"612d09c5\" data-element_type=\"widget\" data-settings=\"{&quot;_animation&quot;:&quot;fadeIn&quot;,&quot;_animation_delay&quot;:200}\" data-widget_type=\"image.default\">\n\t\t\t\t<div class=\"elementor-widget-container\">\n\t\t\t\t\t\t\t\t\t\t\t\t\t<img decoding=\"async\" width=\"1\" height=\"1\" src=\"https:\/\/55legal.lu\/wp-content\/uploads\/2025\/11\/Bob-Calmes-1-scaled.png\" class=\"attachment-large size-large wp-image-1675\" alt=\"\" \/>\t\t\t\t\t\t\t\t\t\t\t\t\t<\/div>\n\t\t\t\t<\/div>\n\t\t\t\t<\/div>\n\t\t<div class=\"elementor-element elementor-element-347d56cd e-con-full about-col-2 e-flex e-con e-child\" data-id=\"347d56cd\" data-element_type=\"container\" data-settings=\"{&quot;background_background&quot;:&quot;classic&quot;}\">\n\t\t<div class=\"elementor-element elementor-element-51d3a3ad e-flex e-con-boxed elementor-invisible e-con e-child\" data-id=\"51d3a3ad\" data-element_type=\"container\" data-settings=\"{&quot;animation&quot;:&quot;fadeIn&quot;,&quot;animation_delay&quot;:400}\">\n\t\t\t\t\t<div class=\"e-con-inner\">\n\t\t<div class=\"elementor-element elementor-element-2876194d e-con-full e-flex elementor-invisible e-con e-child\" data-id=\"2876194d\" data-element_type=\"container\" data-settings=\"{&quot;animation&quot;:&quot;fadeIn&quot;,&quot;animation_delay&quot;:100}\">\n\t\t\t\t<div class=\"elementor-element elementor-element-4b62cbc2 elementor-widget elementor-widget-heading\" data-id=\"4b62cbc2\" data-element_type=\"widget\" data-widget_type=\"heading.default\">\n\t\t\t\t<div class=\"elementor-widget-container\">\n\t\t\t<style>\/*! elementor - v3.23.0 - 05-08-2024 *\/\n.elementor-heading-title{padding:0;margin:0;line-height:1}.elementor-widget-heading .elementor-heading-title[class*=elementor-size-]>a{color:inherit;font-size:inherit;line-height:inherit}.elementor-widget-heading .elementor-heading-title.elementor-size-small{font-size:15px}.elementor-widget-heading .elementor-heading-title.elementor-size-medium{font-size:19px}.elementor-widget-heading .elementor-heading-title.elementor-size-large{font-size:29px}.elementor-widget-heading .elementor-heading-title.elementor-size-xl{font-size:39px}.elementor-widget-heading .elementor-heading-title.elementor-size-xxl{font-size:59px}<\/style><h2 class=\"elementor-heading-title elementor-size-default\">Bob Calmes<\/h2>\t\t<\/div>\n\t\t\t\t<\/div>\n\t\t\t\t<div class=\"elementor-element elementor-element-16907850 elementor-widget elementor-widget-heading\" data-id=\"16907850\" data-element_type=\"widget\" data-widget_type=\"heading.default\">\n\t\t\t\t<div class=\"elementor-widget-container\">\n\t\t\t<p class=\"elementor-heading-title elementor-size-default\">associ\u00e9<\/p>\t\t<\/div>\n\t\t\t\t<\/div>\n\t\t\t\t<\/div>\n\t\t<div class=\"elementor-element elementor-element-76676820 e-con-full e-flex elementor-invisible e-con e-child\" data-id=\"76676820\" data-element_type=\"container\" data-settings=\"{&quot;animation&quot;:&quot;fadeIn&quot;,&quot;animation_delay&quot;:200}\">\n\t\t\t\t<div class=\"elementor-element elementor-element-5bfe3b0d elementor-widget__width-inherit elementor-widget elementor-widget-text-editor\" data-id=\"5bfe3b0d\" data-element_type=\"widget\" data-widget_type=\"text-editor.default\">\n\t\t\t\t<div class=\"elementor-widget-container\">\n\t\t\t<style>\/*! elementor - v3.23.0 - 05-08-2024 *\/\n.elementor-widget-text-editor.elementor-drop-cap-view-stacked .elementor-drop-cap{background-color:#69727d;color:#fff}.elementor-widget-text-editor.elementor-drop-cap-view-framed .elementor-drop-cap{color:#69727d;border:3px solid;background-color:transparent}.elementor-widget-text-editor:not(.elementor-drop-cap-view-default) .elementor-drop-cap{margin-top:8px}.elementor-widget-text-editor:not(.elementor-drop-cap-view-default) .elementor-drop-cap-letter{width:1em;height:1em}.elementor-widget-text-editor .elementor-drop-cap{float:left;text-align:center;line-height:1;font-size:50px}.elementor-widget-text-editor .elementor-drop-cap-letter{display:inline-block}<\/style>\t\t\t\t<p><em>La pratique de\u00a0Bob\u00a0est ax\u00e9e sur les fusions et acquisitions, ainsi que sur le conseil en droit des soci\u00e9t\u00e9s (y compris les aspects sociaux des fusions et acquisitions publiques). Il conseille notamment des soci\u00e9t\u00e9s de capital-investissement, des sponsors financiers, des multinationales et des startups sur le financement et la structuration d\u2019acquisitions, les lev\u00e9es de capitaux et la gouvernance d\u2019entreprise. Il est \u00e9galement un conseiller de confiance pour les entreprises op\u00e9rationnelles et les entrepreneurs luxembourgeois.<\/em><\/p><p><em>Bob a exerc\u00e9 pendant 19 ans en tant qu\u2019associ\u00e9 au sein du plus grand cabinet d\u2019avocats luxembourgeois, notamment en dirigeant le bureau de repr\u00e9sentation de New York de 2013 \u00e0 2017. Il est co-chair de la ABA EU Deal Point Study et membre du comit\u00e9 de droit spatial de l\u2019IBA. Bob a \u00e9t\u00e9 class\u00e9 \u00ab Leading Individual \u00bb dans les domaines du droit commercial, des soci\u00e9t\u00e9s et des fusions et acquisitions par Legal500. Il est membre du barreau de Luxembourg depuis 2006.<\/em><\/p>\t\t\t\t\t\t<\/div>\n\t\t\t\t<\/div>\n\t\t\t\t<\/div>\n\t\t<div class=\"elementor-element elementor-element-7f228063 e-con-full e-flex elementor-invisible e-con e-child\" data-id=\"7f228063\" data-element_type=\"container\" data-settings=\"{&quot;background_background&quot;:&quot;classic&quot;,&quot;animation&quot;:&quot;fadeIn&quot;,&quot;animation_delay&quot;:300}\">\n\t\t<div class=\"elementor-element elementor-element-fca879c e-con-full e-flex e-con e-child\" data-id=\"fca879c\" data-element_type=\"container\">\n\t\t\t\t<div class=\"elementor-element elementor-element-1a667731 elementor-icon-list--layout-traditional elementor-list-item-link-full_width elementor-widget elementor-widget-icon-list\" data-id=\"1a667731\" data-element_type=\"widget\" data-widget_type=\"icon-list.default\">\n\t\t\t\t<div class=\"elementor-widget-container\">\n\t\t\t<link rel=\"stylesheet\" href=\"https:\/\/55legal.lu\/wp-content\/plugins\/elementor\/assets\/css\/widget-icon-list.min.css\">\t\t<ul class=\"elementor-icon-list-items\">\n\t\t\t\t\t\t\t<li class=\"elementor-icon-list-item\">\n\t\t\t\t\t\t\t\t\t\t\t<span class=\"elementor-icon-list-icon\">\n\t\t\t\t\t\t\t<svg xmlns=\"http:\/\/www.w3.org\/2000\/svg\" width=\"10\" height=\"10\" viewBox=\"0 0 10 10\" fill=\"none\"><path d=\"M0.554347 9.9751C0.554347 9.9751 0.291751 10.0311 0.175048 9.9751C0.0875207 9.91908 1.07062e-06 9.80706 1.06895e-06 9.667L9.58047e-07 0.366699C9.56377e-07 0.226634 0.0875206 0.114538 0.175048 0.0585127C0.291751 0.00248688 0.437644 -0.0254679 0.554347 0.0305579L9.80306 4.70866C10.0656 4.82071 10.0656 5.2129 9.80306 5.32495L0.554347 9.9751Z\" fill=\"#E91E5B\"><\/path><\/svg>\t\t\t\t\t\t<\/span>\n\t\t\t\t\t\t\t\t\t\t<span class=\"elementor-icon-list-text\">Formation<\/span>\n\t\t\t\t\t\t\t\t\t<\/li>\n\t\t\t\t\t\t<\/ul>\n\t\t\t\t<\/div>\n\t\t\t\t<\/div>\n\t\t\t\t<div class=\"elementor-element elementor-element-5f1c560e elementor-widget__width-inherit elementor-widget elementor-widget-text-editor\" data-id=\"5f1c560e\" data-element_type=\"widget\" data-widget_type=\"text-editor.default\">\n\t\t\t\t<div class=\"elementor-widget-container\">\n\t\t\t\t\t\t\t<p><em>Bob\u00a0est titulaire d\u2019un master en droit international de l\u2019Universit\u00e9 Paris I Panth\u00e9on-Sorbonne, d\u2019un dipl\u00f4me de l\u2019Institut d\u2019administration des entreprises (Universit\u00e9 Paris I Panth\u00e9on-Sorbonne) et d\u2019un Master of Laws (LL.M.) de la Pace Law School.<\/em><\/p>\t\t\t\t\t\t<\/div>\n\t\t\t\t<\/div>\n\t\t\t\t<\/div>\n\t\t<div class=\"elementor-element elementor-element-719546a5 e-con-full e-flex e-con e-child\" data-id=\"719546a5\" data-element_type=\"container\">\n\t\t\t\t<div class=\"elementor-element elementor-element-10e8413 elementor-icon-list--layout-traditional elementor-list-item-link-full_width elementor-widget elementor-widget-icon-list\" data-id=\"10e8413\" data-element_type=\"widget\" data-widget_type=\"icon-list.default\">\n\t\t\t\t<div class=\"elementor-widget-container\">\n\t\t\t\t\t<ul class=\"elementor-icon-list-items\">\n\t\t\t\t\t\t\t<li class=\"elementor-icon-list-item\">\n\t\t\t\t\t\t\t\t\t\t\t<span class=\"elementor-icon-list-icon\">\n\t\t\t\t\t\t\t<svg xmlns=\"http:\/\/www.w3.org\/2000\/svg\" width=\"10\" height=\"10\" viewBox=\"0 0 10 10\" fill=\"none\"><path d=\"M0.554347 9.9751C0.554347 9.9751 0.291751 10.0311 0.175048 9.9751C0.0875207 9.91908 1.07062e-06 9.80706 1.06895e-06 9.667L9.58047e-07 0.366699C9.56377e-07 0.226634 0.0875206 0.114538 0.175048 0.0585127C0.291751 0.00248688 0.437644 -0.0254679 0.554347 0.0305579L9.80306 4.70866C10.0656 4.82071 10.0656 5.2129 9.80306 5.32495L0.554347 9.9751Z\" fill=\"#E91E5B\"><\/path><\/svg>\t\t\t\t\t\t<\/span>\n\t\t\t\t\t\t\t\t\t\t<span class=\"elementor-icon-list-text\">Langues<\/span>\n\t\t\t\t\t\t\t\t\t<\/li>\n\t\t\t\t\t\t<\/ul>\n\t\t\t\t<\/div>\n\t\t\t\t<\/div>\n\t\t\t\t<div class=\"elementor-element elementor-element-3b3a4a15 elementor-widget__width-inherit elementor-widget elementor-widget-text-editor\" data-id=\"3b3a4a15\" data-element_type=\"widget\" data-widget_type=\"text-editor.default\">\n\t\t\t\t<div class=\"elementor-widget-container\">\n\t\t\t\t\t\t\t<p><em>Conseils en anglais, fran\u00e7ais, allemand et luxembourgeois.<\/em><\/p>\t\t\t\t\t\t<\/div>\n\t\t\t\t<\/div>\n\t\t\t\t<\/div>\n\t\t\t\t<\/div>\n\t\t<div class=\"elementor-element elementor-element-1af3c454 e-con-full e-flex elementor-invisible e-con e-child\" data-id=\"1af3c454\" data-element_type=\"container\" data-settings=\"{&quot;background_background&quot;:&quot;classic&quot;,&quot;animation&quot;:&quot;fadeIn&quot;,&quot;animation_delay&quot;:300}\">\n\t\t<div class=\"elementor-element elementor-element-6d97dc8 e-con-full e-flex e-con e-child\" data-id=\"6d97dc8\" data-element_type=\"container\">\n\t\t\t\t<div class=\"elementor-element elementor-element-303b903b elementor-icon-list--layout-traditional elementor-list-item-link-full_width elementor-widget elementor-widget-icon-list\" data-id=\"303b903b\" data-element_type=\"widget\" data-widget_type=\"icon-list.default\">\n\t\t\t\t<div class=\"elementor-widget-container\">\n\t\t\t\t\t<ul class=\"elementor-icon-list-items\">\n\t\t\t\t\t\t\t<li class=\"elementor-icon-list-item\">\n\t\t\t\t\t\t\t\t\t\t\t<span class=\"elementor-icon-list-icon\">\n\t\t\t\t\t\t\t<svg xmlns=\"http:\/\/www.w3.org\/2000\/svg\" width=\"10\" height=\"10\" viewBox=\"0 0 10 10\" fill=\"none\"><path d=\"M0.554347 9.9751C0.554347 9.9751 0.291751 10.0311 0.175048 9.9751C0.0875207 9.91908 1.07062e-06 9.80706 1.06895e-06 9.667L9.58047e-07 0.366699C9.56377e-07 0.226634 0.0875206 0.114538 0.175048 0.0585127C0.291751 0.00248688 0.437644 -0.0254679 0.554347 0.0305579L9.80306 4.70866C10.0656 4.82071 10.0656 5.2129 9.80306 5.32495L0.554347 9.9751Z\" fill=\"#E91E5B\"><\/path><\/svg>\t\t\t\t\t\t<\/span>\n\t\t\t\t\t\t\t\t\t\t<span class=\"elementor-icon-list-text\">Contact<\/span>\n\t\t\t\t\t\t\t\t\t<\/li>\n\t\t\t\t\t\t<\/ul>\n\t\t\t\t<\/div>\n\t\t\t\t<\/div>\n\t\t\t\t<div class=\"elementor-element elementor-element-36166912 elementor-widget__width-inherit elementor-widget elementor-widget-text-editor\" data-id=\"36166912\" data-element_type=\"widget\" data-widget_type=\"text-editor.default\">\n\t\t\t\t<div class=\"elementor-widget-container\">\n\t\t\t\t\t\t\t<p><a href=\"mailto:bob.calmes@55legal.lu\">\u00a0bob.calmes@55legal.lu<\/a><\/p><p><a href=\"tel:+352 621 243 331\">+352 621 243 331<\/a><\/p>\t\t\t\t\t\t<\/div>\n\t\t\t\t<\/div>\n\t\t\t\t<\/div>\n\t\t\t\t<\/div>\n\t\t\t\t\t<\/div>\n\t\t\t\t<\/div>\n\t\t\t\t<\/div>\n\t\t\t\t<\/div>\n\t\t\t\t\t<\/div>\n\t\t\t\t<\/div>\n\t\t<div class=\"elementor-element elementor-element-20cc3929 main-container e-flex e-con-boxed e-con e-parent\" data-id=\"20cc3929\" data-element_type=\"container\">\n\t\t\t\t\t<div class=\"e-con-inner\">\n\t\t<div class=\"elementor-element elementor-element-402822f1 e-flex e-con-boxed e-con e-child\" data-id=\"402822f1\" data-element_type=\"container\" data-settings=\"{&quot;background_background&quot;:&quot;classic&quot;}\">\n\t\t\t\t\t<div class=\"e-con-inner\">\n\t\t\t\t<div class=\"elementor-element elementor-element-72f247cb elementor-widget elementor-widget-button\" data-id=\"72f247cb\" data-element_type=\"widget\" data-widget_type=\"button.default\">\n\t\t\t\t<div class=\"elementor-widget-container\">\n\t\t\t\t\t<div class=\"elementor-button-wrapper\">\n\t\t\t<a class=\"elementor-button elementor-button-link elementor-size-sm\" href=\"https:\/\/55legal.lu\/fr\/equipe\/\">\n\t\t\t\t\t\t<span class=\"elementor-button-content-wrapper\">\n\t\t\t\t\t\t<span class=\"elementor-button-icon\">\n\t\t\t\t<svg xmlns=\"http:\/\/www.w3.org\/2000\/svg\" width=\"10\" height=\"10\" viewBox=\"0 0 10 10\" fill=\"none\"><path d=\"M0.554347 9.9751C0.554347 9.9751 0.291751 10.0311 0.175048 9.9751C0.0875207 9.91907 1.07062e-06 9.80706 1.06895e-06 9.667L9.58047e-07 0.366699C9.56377e-07 0.226634 0.0875205 0.114538 0.175048 0.0585127C0.291751 0.00248688 0.437644 -0.0254679 0.554347 0.0305579L9.80306 4.70866C10.0656 4.82071 10.0656 5.2129 9.80306 5.32495L0.554347 9.9751Z\" fill=\"black\"><\/path><\/svg>\t\t\t<\/span>\n\t\t\t\t\t\t\t\t\t<span class=\"elementor-button-text\">RENCONTREZ L'EQUIPE<\/span>\n\t\t\t\t\t<\/span>\n\t\t\t\t\t<\/a>\n\t\t<\/div>\n\t\t\t\t<\/div>\n\t\t\t\t<\/div>\n\t\t\t\t\t<\/div>\n\t\t\t\t<\/div>\n\t\t\t\t\t<\/div>\n\t\t\t\t<\/div>\n\t\t<div class=\"elementor-element elementor-element-724b8f7f main-container e-flex e-con-boxed e-con e-parent\" data-id=\"724b8f7f\" data-element_type=\"container\">\n\t\t\t\t\t<div class=\"e-con-inner\">\n\t\t<div class=\"elementor-element elementor-element-13eeadf9 inner-container e-flex e-con-boxed e-con e-child\" data-id=\"13eeadf9\" data-element_type=\"container\" data-settings=\"{&quot;background_background&quot;:&quot;classic&quot;}\">\n\t\t\t\t\t<div class=\"e-con-inner\">\n\t\t\t\t<div class=\"elementor-element elementor-element-8b74c42 elementor-widget elementor-widget-button\" data-id=\"8b74c42\" data-element_type=\"widget\" data-widget_type=\"button.default\">\n\t\t\t\t<div class=\"elementor-widget-container\">\n\t\t\t\t\t<div class=\"elementor-button-wrapper\">\n\t\t\t<a class=\"elementor-button elementor-button-link elementor-size-sm\" href=\"https:\/\/55legal.lu\/services\/\">\n\t\t\t\t\t\t<span class=\"elementor-button-content-wrapper\">\n\t\t\t\t\t\t\t\t\t<span class=\"elementor-button-text\">Services<\/span>\n\t\t\t\t\t<\/span>\n\t\t\t\t\t<\/a>\n\t\t<\/div>\n\t\t\t\t<\/div>\n\t\t\t\t<\/div>\n\t\t\t\t\t<\/div>\n\t\t\t\t<\/div>\n\t\t\t\t\t<\/div>\n\t\t\t\t<\/div>\n\t\t\t\t<\/div>\n\t\t","protected":false},"excerpt":{"rendered":"<p>Bob Calmes associ\u00e9 La pratique de\u00a0Bob\u00a0est ax\u00e9e sur les fusions et acquisitions, ainsi que sur le conseil en droit des soci\u00e9t\u00e9s (y compris les aspects sociaux des fusions et acquisitions publiques). Il conseille notamment des soci\u00e9t\u00e9s de capital-investissement, des sponsors financiers, des multinationales et des startups sur le financement et la structuration d\u2019acquisitions, les lev\u00e9es [&hellip;]<\/p>\n","protected":false},"author":6,"featured_media":0,"parent":0,"menu_order":0,"comment_status":"closed","ping_status":"closed","template":"elementor_header_footer","meta":{"footnotes":""},"class_list":["post-1872","page","type-page","status-publish","hentry"],"yoast_head":"<!-- This site is optimized with the Yoast SEO plugin v25.3.1 - https:\/\/yoast.com\/wordpress\/plugins\/seo\/ -->\n<title>Bob Calmes - 55LEGAL<\/title>\n<meta name=\"robots\" content=\"index, follow, max-snippet:-1, max-image-preview:large, max-video-preview:-1\" \/>\n<link rel=\"canonical\" href=\"https:\/\/55legal.lu\/fr\/bob-calmes\/\" \/>\n<meta property=\"og:locale\" content=\"fr_FR\" \/>\n<meta property=\"og:type\" content=\"article\" \/>\n<meta property=\"og:title\" content=\"Bob Calmes - 55LEGAL\" \/>\n<meta property=\"og:description\" content=\"Bob Calmes associ\u00e9 La pratique de\u00a0Bob\u00a0est ax\u00e9e sur les fusions et acquisitions, ainsi que sur le conseil en droit des soci\u00e9t\u00e9s (y compris les aspects sociaux des fusions et acquisitions publiques). Il conseille notamment des soci\u00e9t\u00e9s de capital-investissement, des sponsors financiers, des multinationales et des startups sur le financement et la structuration d\u2019acquisitions, les lev\u00e9es [&hellip;]\" \/>\n<meta property=\"og:url\" content=\"https:\/\/55legal.lu\/fr\/bob-calmes\/\" \/>\n<meta property=\"og:site_name\" content=\"55LEGAL\" \/>\n<meta property=\"article:modified_time\" content=\"2025-12-19T11:55:34+00:00\" \/>\n<meta property=\"og:image\" content=\"https:\/\/55legal.lu\/wp-content\/uploads\/2025\/12\/image-3-1.png\" \/>\n\t<meta property=\"og:image:width\" content=\"489\" \/>\n\t<meta property=\"og:image:height\" content=\"634\" \/>\n\t<meta property=\"og:image:type\" content=\"image\/png\" \/>\n<meta name=\"twitter:card\" content=\"summary_large_image\" \/>\n<meta name=\"twitter:label1\" content=\"Dur\u00e9e de lecture estim\u00e9e\" \/>\n\t<meta name=\"twitter:data1\" content=\"2 minutes\" \/>\n<script type=\"application\/ld+json\" class=\"yoast-schema-graph\">{\"@context\":\"https:\/\/schema.org\",\"@graph\":[{\"@type\":\"WebPage\",\"@id\":\"https:\/\/55legal.lu\/fr\/bob-calmes\/\",\"url\":\"https:\/\/55legal.lu\/fr\/bob-calmes\/\",\"name\":\"Bob Calmes - 55LEGAL\",\"isPartOf\":{\"@id\":\"https:\/\/55legal.lu\/fr\/#website\"},\"primaryImageOfPage\":{\"@id\":\"https:\/\/55legal.lu\/fr\/bob-calmes\/#primaryimage\"},\"image\":{\"@id\":\"https:\/\/55legal.lu\/fr\/bob-calmes\/#primaryimage\"},\"thumbnailUrl\":\"https:\/\/55legal.lu\/wp-content\/uploads\/2025\/12\/image-3-1.png\",\"datePublished\":\"2025-12-18T08:27:46+00:00\",\"dateModified\":\"2025-12-19T11:55:34+00:00\",\"breadcrumb\":{\"@id\":\"https:\/\/55legal.lu\/fr\/bob-calmes\/#breadcrumb\"},\"inLanguage\":\"fr-FR\",\"potentialAction\":[{\"@type\":\"ReadAction\",\"target\":[\"https:\/\/55legal.lu\/fr\/bob-calmes\/\"]}]},{\"@type\":\"ImageObject\",\"inLanguage\":\"fr-FR\",\"@id\":\"https:\/\/55legal.lu\/fr\/bob-calmes\/#primaryimage\",\"url\":\"https:\/\/55legal.lu\/wp-content\/uploads\/2025\/12\/image-3-1.png\",\"contentUrl\":\"https:\/\/55legal.lu\/wp-content\/uploads\/2025\/12\/image-3-1.png\"},{\"@type\":\"BreadcrumbList\",\"@id\":\"https:\/\/55legal.lu\/fr\/bob-calmes\/#breadcrumb\",\"itemListElement\":[{\"@type\":\"ListItem\",\"position\":1,\"name\":\"Home\",\"item\":\"https:\/\/55legal.lu\/fr\/\"},{\"@type\":\"ListItem\",\"position\":2,\"name\":\"Bob Calmes\"}]},{\"@type\":\"WebSite\",\"@id\":\"https:\/\/55legal.lu\/fr\/#website\",\"url\":\"https:\/\/55legal.lu\/fr\/\",\"name\":\"55LEGAL\",\"description\":\"\",\"publisher\":{\"@id\":\"https:\/\/55legal.lu\/fr\/#organization\"},\"potentialAction\":[{\"@type\":\"SearchAction\",\"target\":{\"@type\":\"EntryPoint\",\"urlTemplate\":\"https:\/\/55legal.lu\/fr\/?s={search_term_string}\"},\"query-input\":{\"@type\":\"PropertyValueSpecification\",\"valueRequired\":true,\"valueName\":\"search_term_string\"}}],\"inLanguage\":\"fr-FR\"},{\"@type\":\"Organization\",\"@id\":\"https:\/\/55legal.lu\/fr\/#organization\",\"name\":\"55LEGAL\",\"url\":\"https:\/\/55legal.lu\/fr\/\",\"logo\":{\"@type\":\"ImageObject\",\"inLanguage\":\"fr-FR\",\"@id\":\"https:\/\/55legal.lu\/fr\/#\/schema\/logo\/image\/\",\"url\":\"https:\/\/55legal.lu\/wp-content\/uploads\/2024\/09\/logo-55legal.svg\",\"contentUrl\":\"https:\/\/55legal.lu\/wp-content\/uploads\/2024\/09\/logo-55legal.svg\",\"width\":159,\"height\":19,\"caption\":\"55LEGAL\"},\"image\":{\"@id\":\"https:\/\/55legal.lu\/fr\/#\/schema\/logo\/image\/\"}}]}<\/script>\n<!-- \/ Yoast SEO plugin. -->","yoast_head_json":{"title":"Bob Calmes - 55LEGAL","robots":{"index":"index","follow":"follow","max-snippet":"max-snippet:-1","max-image-preview":"max-image-preview:large","max-video-preview":"max-video-preview:-1"},"canonical":"https:\/\/55legal.lu\/fr\/bob-calmes\/","og_locale":"fr_FR","og_type":"article","og_title":"Bob Calmes - 55LEGAL","og_description":"Bob Calmes associ\u00e9 La pratique de\u00a0Bob\u00a0est ax\u00e9e sur les fusions et acquisitions, ainsi que sur le conseil en droit des soci\u00e9t\u00e9s (y compris les aspects sociaux des fusions et acquisitions publiques). Il conseille notamment des soci\u00e9t\u00e9s de capital-investissement, des sponsors financiers, des multinationales et des startups sur le financement et la structuration d\u2019acquisitions, les lev\u00e9es [&hellip;]","og_url":"https:\/\/55legal.lu\/fr\/bob-calmes\/","og_site_name":"55LEGAL","article_modified_time":"2025-12-19T11:55:34+00:00","og_image":[{"width":489,"height":634,"url":"https:\/\/55legal.lu\/wp-content\/uploads\/2025\/12\/image-3-1.png","type":"image\/png"}],"twitter_card":"summary_large_image","twitter_misc":{"Dur\u00e9e de lecture estim\u00e9e":"2 minutes"},"schema":{"@context":"https:\/\/schema.org","@graph":[{"@type":"WebPage","@id":"https:\/\/55legal.lu\/fr\/bob-calmes\/","url":"https:\/\/55legal.lu\/fr\/bob-calmes\/","name":"Bob Calmes - 55LEGAL","isPartOf":{"@id":"https:\/\/55legal.lu\/fr\/#website"},"primaryImageOfPage":{"@id":"https:\/\/55legal.lu\/fr\/bob-calmes\/#primaryimage"},"image":{"@id":"https:\/\/55legal.lu\/fr\/bob-calmes\/#primaryimage"},"thumbnailUrl":"https:\/\/55legal.lu\/wp-content\/uploads\/2025\/12\/image-3-1.png","datePublished":"2025-12-18T08:27:46+00:00","dateModified":"2025-12-19T11:55:34+00:00","breadcrumb":{"@id":"https:\/\/55legal.lu\/fr\/bob-calmes\/#breadcrumb"},"inLanguage":"fr-FR","potentialAction":[{"@type":"ReadAction","target":["https:\/\/55legal.lu\/fr\/bob-calmes\/"]}]},{"@type":"ImageObject","inLanguage":"fr-FR","@id":"https:\/\/55legal.lu\/fr\/bob-calmes\/#primaryimage","url":"https:\/\/55legal.lu\/wp-content\/uploads\/2025\/12\/image-3-1.png","contentUrl":"https:\/\/55legal.lu\/wp-content\/uploads\/2025\/12\/image-3-1.png"},{"@type":"BreadcrumbList","@id":"https:\/\/55legal.lu\/fr\/bob-calmes\/#breadcrumb","itemListElement":[{"@type":"ListItem","position":1,"name":"Home","item":"https:\/\/55legal.lu\/fr\/"},{"@type":"ListItem","position":2,"name":"Bob Calmes"}]},{"@type":"WebSite","@id":"https:\/\/55legal.lu\/fr\/#website","url":"https:\/\/55legal.lu\/fr\/","name":"55LEGAL","description":"","publisher":{"@id":"https:\/\/55legal.lu\/fr\/#organization"},"potentialAction":[{"@type":"SearchAction","target":{"@type":"EntryPoint","urlTemplate":"https:\/\/55legal.lu\/fr\/?s={search_term_string}"},"query-input":{"@type":"PropertyValueSpecification","valueRequired":true,"valueName":"search_term_string"}}],"inLanguage":"fr-FR"},{"@type":"Organization","@id":"https:\/\/55legal.lu\/fr\/#organization","name":"55LEGAL","url":"https:\/\/55legal.lu\/fr\/","logo":{"@type":"ImageObject","inLanguage":"fr-FR","@id":"https:\/\/55legal.lu\/fr\/#\/schema\/logo\/image\/","url":"https:\/\/55legal.lu\/wp-content\/uploads\/2024\/09\/logo-55legal.svg","contentUrl":"https:\/\/55legal.lu\/wp-content\/uploads\/2024\/09\/logo-55legal.svg","width":159,"height":19,"caption":"55LEGAL"},"image":{"@id":"https:\/\/55legal.lu\/fr\/#\/schema\/logo\/image\/"}}]}},"_links":{"self":[{"href":"https:\/\/55legal.lu\/fr\/wp-json\/wp\/v2\/pages\/1872","targetHints":{"allow":["GET"]}}],"collection":[{"href":"https:\/\/55legal.lu\/fr\/wp-json\/wp\/v2\/pages"}],"about":[{"href":"https:\/\/55legal.lu\/fr\/wp-json\/wp\/v2\/types\/page"}],"author":[{"embeddable":true,"href":"https:\/\/55legal.lu\/fr\/wp-json\/wp\/v2\/users\/6"}],"replies":[{"embeddable":true,"href":"https:\/\/55legal.lu\/fr\/wp-json\/wp\/v2\/comments?post=1872"}],"version-history":[{"count":13,"href":"https:\/\/55legal.lu\/fr\/wp-json\/wp\/v2\/pages\/1872\/revisions"}],"predecessor-version":[{"id":1979,"href":"https:\/\/55legal.lu\/fr\/wp-json\/wp\/v2\/pages\/1872\/revisions\/1979"}],"wp:attachment":[{"href":"https:\/\/55legal.lu\/fr\/wp-json\/wp\/v2\/media?parent=1872"}],"curies":[{"name":"wp","href":"https:\/\/api.w.org\/{rel}","templated":true}]}}