{"id":1877,"date":"2025-12-18T08:32:54","date_gmt":"2025-12-18T08:32:54","guid":{"rendered":"https:\/\/55legal.lu\/?page_id=1877"},"modified":"2025-12-19T11:46:00","modified_gmt":"2025-12-19T11:46:00","slug":"equipe","status":"publish","type":"page","link":"https:\/\/55legal.lu\/fr\/equipe\/","title":{"rendered":"\u00c9quipe"},"content":{"rendered":"\t\t<div data-elementor-type=\"wp-page\" data-elementor-id=\"1877\" class=\"elementor elementor-1877\" data-elementor-post-type=\"page\">\n\t\t\t\t<div class=\"elementor-element elementor-element-4f729c51 main-container e-flex e-con-boxed e-con e-parent\" data-id=\"4f729c51\" data-element_type=\"container\">\n\t\t\t\t\t<div class=\"e-con-inner\">\n\t\t<div class=\"elementor-element elementor-element-2f06bc95 e-flex e-con-boxed e-con e-child\" data-id=\"2f06bc95\" data-element_type=\"container\" data-settings=\"{&quot;background_background&quot;:&quot;classic&quot;}\">\n\t\t\t\t\t<div class=\"e-con-inner\">\n\t\t\t\t<div class=\"elementor-element elementor-element-5315bed5 elementor-widget elementor-widget-heading\" data-id=\"5315bed5\" data-element_type=\"widget\" data-widget_type=\"heading.default\">\n\t\t\t\t<div class=\"elementor-widget-container\">\n\t\t\t<style>\/*! elementor - v3.23.0 - 05-08-2024 *\/\n.elementor-heading-title{padding:0;margin:0;line-height:1}.elementor-widget-heading .elementor-heading-title[class*=elementor-size-]>a{color:inherit;font-size:inherit;line-height:inherit}.elementor-widget-heading .elementor-heading-title.elementor-size-small{font-size:15px}.elementor-widget-heading .elementor-heading-title.elementor-size-medium{font-size:19px}.elementor-widget-heading .elementor-heading-title.elementor-size-large{font-size:29px}.elementor-widget-heading .elementor-heading-title.elementor-size-xl{font-size:39px}.elementor-widget-heading .elementor-heading-title.elementor-size-xxl{font-size:59px}<\/style><h2 class=\"elementor-heading-title elementor-size-default\">Associ\u00e9s<\/h2>\t\t<\/div>\n\t\t\t\t<\/div>\n\t\t<div class=\"elementor-element elementor-element-6e8984fe e-grid e-con-full e-con e-child\" data-id=\"6e8984fe\" data-element_type=\"container\">\n\t\t<div class=\"elementor-element elementor-element-621491ca e-con-full e-flex e-con e-child\" data-id=\"621491ca\" data-element_type=\"container\">\n\t\t\t\t<div class=\"elementor-element elementor-element-790bbec hover-zoom elementor-position-top elementor-widget elementor-widget-image-box\" data-id=\"790bbec\" data-element_type=\"widget\" data-widget_type=\"image-box.default\">\n\t\t\t\t<div class=\"elementor-widget-container\">\n\t\t\t<style>\/*! elementor - v3.23.0 - 05-08-2024 *\/\n.elementor-widget-image-box .elementor-image-box-content{width:100%}@media (min-width:768px){.elementor-widget-image-box.elementor-position-left .elementor-image-box-wrapper,.elementor-widget-image-box.elementor-position-right .elementor-image-box-wrapper{display:flex}.elementor-widget-image-box.elementor-position-right .elementor-image-box-wrapper{text-align:end;flex-direction:row-reverse}.elementor-widget-image-box.elementor-position-left .elementor-image-box-wrapper{text-align:start;flex-direction:row}.elementor-widget-image-box.elementor-position-top .elementor-image-box-img{margin:auto}.elementor-widget-image-box.elementor-vertical-align-top .elementor-image-box-wrapper{align-items:flex-start}.elementor-widget-image-box.elementor-vertical-align-middle .elementor-image-box-wrapper{align-items:center}.elementor-widget-image-box.elementor-vertical-align-bottom .elementor-image-box-wrapper{align-items:flex-end}}@media (max-width:767px){.elementor-widget-image-box .elementor-image-box-img{margin-left:auto!important;margin-right:auto!important;margin-bottom:15px}}.elementor-widget-image-box .elementor-image-box-img{display:inline-block}.elementor-widget-image-box .elementor-image-box-title a{color:inherit}.elementor-widget-image-box .elementor-image-box-wrapper{text-align:center}.elementor-widget-image-box .elementor-image-box-description{margin:0}<\/style><div class=\"elementor-image-box-wrapper\"><figure class=\"elementor-image-box-img\"><a href=\"https:\/\/55legal.lu\/fr\/charles-heisbourg\/\" tabindex=\"-1\"><img fetchpriority=\"high\" decoding=\"async\" width=\"543\" height=\"543\" src=\"https:\/\/55legal.lu\/wp-content\/uploads\/2025\/12\/Charles-Heisbourg-2.png\" class=\"attachment-full size-full wp-image-1946\" alt=\"\" srcset=\"https:\/\/55legal.lu\/wp-content\/uploads\/2025\/12\/Charles-Heisbourg-2.png 543w, https:\/\/55legal.lu\/wp-content\/uploads\/2025\/12\/Charles-Heisbourg-2-300x300.png 300w, https:\/\/55legal.lu\/wp-content\/uploads\/2025\/12\/Charles-Heisbourg-2-150x150.png 150w\" sizes=\"(max-width: 543px) 100vw, 543px\" \/><\/a><\/figure><div class=\"elementor-image-box-content\"><h3 class=\"elementor-image-box-title\"><a href=\"https:\/\/55legal.lu\/fr\/charles-heisbourg\/\">Charles Heisbourg<\/a><\/h3><\/div><\/div>\t\t<\/div>\n\t\t\t\t<\/div>\n\t\t\t\t<\/div>\n\t\t<div class=\"elementor-element elementor-element-370b9ae5 e-con-full e-flex e-con e-child\" data-id=\"370b9ae5\" data-element_type=\"container\">\n\t\t\t\t<div class=\"elementor-element elementor-element-4bd692ce hover-zoom elementor-position-top elementor-widget elementor-widget-image-box\" data-id=\"4bd692ce\" data-element_type=\"widget\" data-widget_type=\"image-box.default\">\n\t\t\t\t<div class=\"elementor-widget-container\">\n\t\t\t<div class=\"elementor-image-box-wrapper\"><figure class=\"elementor-image-box-img\"><a href=\"https:\/\/55legal.lu\/fr\/charles-duro\/\" tabindex=\"-1\"><img decoding=\"async\" width=\"543\" height=\"543\" src=\"https:\/\/55legal.lu\/wp-content\/uploads\/2025\/12\/Charles-Duro-2.png\" class=\"attachment-full size-full wp-image-1928\" alt=\"\" srcset=\"https:\/\/55legal.lu\/wp-content\/uploads\/2025\/12\/Charles-Duro-2.png 543w, https:\/\/55legal.lu\/wp-content\/uploads\/2025\/12\/Charles-Duro-2-300x300.png 300w, https:\/\/55legal.lu\/wp-content\/uploads\/2025\/12\/Charles-Duro-2-150x150.png 150w\" sizes=\"(max-width: 543px) 100vw, 543px\" \/><\/a><\/figure><div class=\"elementor-image-box-content\"><h3 class=\"elementor-image-box-title\"><a href=\"https:\/\/55legal.lu\/fr\/charles-duro\/\">Charles Duro<\/a><\/h3><\/div><\/div>\t\t<\/div>\n\t\t\t\t<\/div>\n\t\t\t\t<\/div>\n\t\t<div class=\"elementor-element elementor-element-75f9f882 e-con-full e-flex e-con e-child\" data-id=\"75f9f882\" data-element_type=\"container\">\n\t\t\t\t<div class=\"elementor-element elementor-element-59236534 hover-zoom elementor-position-top elementor-widget elementor-widget-image-box\" data-id=\"59236534\" data-element_type=\"widget\" data-widget_type=\"image-box.default\">\n\t\t\t\t<div class=\"elementor-widget-container\">\n\t\t\t<div class=\"elementor-image-box-wrapper\"><figure class=\"elementor-image-box-img\"><a href=\"https:\/\/55legal.lu\/fr\/bob-calmes\/\" tabindex=\"-1\"><img decoding=\"async\" width=\"543\" height=\"543\" src=\"https:\/\/55legal.lu\/wp-content\/uploads\/2025\/12\/bob-calmes-2.png\" class=\"attachment-full size-full wp-image-1919\" alt=\"\" srcset=\"https:\/\/55legal.lu\/wp-content\/uploads\/2025\/12\/bob-calmes-2.png 543w, https:\/\/55legal.lu\/wp-content\/uploads\/2025\/12\/bob-calmes-2-300x300.png 300w, https:\/\/55legal.lu\/wp-content\/uploads\/2025\/12\/bob-calmes-2-150x150.png 150w\" sizes=\"(max-width: 543px) 100vw, 543px\" \/><\/a><\/figure><div class=\"elementor-image-box-content\"><h3 class=\"elementor-image-box-title\"><a href=\"https:\/\/55legal.lu\/fr\/bob-calmes\/\">Bob Calmes<\/a><\/h3><\/div><\/div>\t\t<\/div>\n\t\t\t\t<\/div>\n\t\t\t\t<\/div>\n\t\t\t\t<\/div>\n\t\t\t\t\t<\/div>\n\t\t\t\t<\/div>\n\t\t\t\t\t<\/div>\n\t\t\t\t<\/div>\n\t\t<div class=\"elementor-element elementor-element-3f7382b7 main-container e-flex e-con-boxed e-con e-parent\" data-id=\"3f7382b7\" data-element_type=\"container\">\n\t\t\t\t\t<div class=\"e-con-inner\">\n\t\t<div class=\"elementor-element elementor-element-13956d88 e-flex e-con-boxed e-con e-child\" data-id=\"13956d88\" data-element_type=\"container\" data-settings=\"{&quot;background_background&quot;:&quot;classic&quot;}\">\n\t\t\t\t\t<div class=\"e-con-inner\">\n\t\t<div class=\"elementor-element elementor-element-1a00f400 e-flex e-con-boxed elementor-invisible e-con e-child\" data-id=\"1a00f400\" data-element_type=\"container\" data-settings=\"{&quot;background_background&quot;:&quot;classic&quot;,&quot;animation_mobile&quot;:&quot;fadeIn&quot;,&quot;animation&quot;:&quot;fadeIn&quot;,&quot;animation_delay&quot;:200}\">\n\t\t\t\t\t<div class=\"e-con-inner\">\n\t\t\t\t<div class=\"elementor-element elementor-element-5114dba7 elementor-widget__width-initial red-text elementor-widget elementor-widget-heading\" data-id=\"5114dba7\" data-element_type=\"widget\" data-widget_type=\"heading.default\">\n\t\t\t\t<div class=\"elementor-widget-container\">\n\t\t\t<h2 class=\"elementor-heading-title elementor-size-default\">contact<\/h2>\t\t<\/div>\n\t\t\t\t<\/div>\n\t\t<div class=\"elementor-element elementor-element-1474344a e-con-full e-flex e-con e-child\" data-id=\"1474344a\" data-element_type=\"container\">\n\t\t<div class=\"elementor-element elementor-element-6f22da35 e-con-full e-flex e-con e-child\" data-id=\"6f22da35\" data-element_type=\"container\">\n\t\t<div class=\"elementor-element elementor-element-17bb3b7d e-con-full e-flex e-con e-child\" data-id=\"17bb3b7d\" data-element_type=\"container\">\n\t\t\t\t<div class=\"elementor-element elementor-element-3af8ad7d elementor-widget elementor-widget-heading\" data-id=\"3af8ad7d\" data-element_type=\"widget\" data-widget_type=\"heading.default\">\n\t\t\t\t<div class=\"elementor-widget-container\">\n\t\t\t<h6 class=\"elementor-heading-title elementor-size-default\">courriel<\/h6>\t\t<\/div>\n\t\t\t\t<\/div>\n\t\t\t\t<div class=\"elementor-element elementor-element-512e3612 elementor-widget elementor-widget-heading\" data-id=\"512e3612\" data-element_type=\"widget\" data-widget_type=\"heading.default\">\n\t\t\t\t<div class=\"elementor-widget-container\">\n\t\t\t<h3 class=\"elementor-heading-title elementor-size-default\"><a href=\"mailto:charles.heisbourg@55legal.lu\">info@55legal.lu<\/a><\/h3>\t\t<\/div>\n\t\t\t\t<\/div>\n\t\t\t\t<\/div>\n\t\t<div class=\"elementor-element elementor-element-61346ca7 e-con-full e-flex e-con e-child\" data-id=\"61346ca7\" data-element_type=\"container\">\n\t\t\t\t<div class=\"elementor-element elementor-element-e501c4c elementor-widget elementor-widget-heading\" data-id=\"e501c4c\" data-element_type=\"widget\" data-widget_type=\"heading.default\">\n\t\t\t\t<div class=\"elementor-widget-container\">\n\t\t\t<h6 class=\"elementor-heading-title elementor-size-default\">t\u00e9l\u00e9phone<\/h6>\t\t<\/div>\n\t\t\t\t<\/div>\n\t\t\t\t<div class=\"elementor-element elementor-element-538170af elementor-icon-list--layout-inline number-info elementor-list-item-link-full_width elementor-widget elementor-widget-icon-list\" data-id=\"538170af\" data-element_type=\"widget\" data-widget_type=\"icon-list.default\">\n\t\t\t\t<div class=\"elementor-widget-container\">\n\t\t\t<link rel=\"stylesheet\" href=\"https:\/\/55legal.lu\/wp-content\/plugins\/elementor\/assets\/css\/widget-icon-list.min.css\">\t\t<ul class=\"elementor-icon-list-items elementor-inline-items\">\n\t\t\t\t\t\t\t<li class=\"elementor-icon-list-item elementor-inline-item\">\n\t\t\t\t\t\t\t\t\t\t\t<a href=\"tel:+352%2026%2055%2054%201\">\n\n\t\t\t\t\t\t\t\t\t\t\t<span class=\"elementor-icon-list-text\">+352 26 55 54 1<\/span>\n\t\t\t\t\t\t\t\t\t\t\t<\/a>\n\t\t\t\t\t\t\t\t\t<\/li>\n\t\t\t\t\t\t<\/ul>\n\t\t\t\t<\/div>\n\t\t\t\t<\/div>\n\t\t\t\t<\/div>\n\t\t<div class=\"elementor-element elementor-element-45efa0e1 e-con-full e-flex e-con e-child\" data-id=\"45efa0e1\" data-element_type=\"container\">\n\t\t<div class=\"elementor-element elementor-element-127e3bb6 e-con-full e-flex e-con e-child\" data-id=\"127e3bb6\" data-element_type=\"container\">\n\t\t\t\t<div class=\"elementor-element elementor-element-439d1538 elementor-widget elementor-widget-heading\" data-id=\"439d1538\" data-element_type=\"widget\" data-widget_type=\"heading.default\">\n\t\t\t\t<div class=\"elementor-widget-container\">\n\t\t\t<h6 class=\"elementor-heading-title elementor-size-default\">adresse<\/h6>\t\t<\/div>\n\t\t\t\t<\/div>\n\t\t\t\t<div class=\"elementor-element elementor-element-4514e53 elementor-widget elementor-widget-heading\" data-id=\"4514e53\" data-element_type=\"widget\" data-widget_type=\"heading.default\">\n\t\t\t\t<div class=\"elementor-widget-container\">\n\t\t\t<h3 class=\"elementor-heading-title elementor-size-default\">31, Grand-Rue, L-1661 Luxembourg<\/h3>\t\t<\/div>\n\t\t\t\t<\/div>\n\t\t\t\t<\/div>\n\t\t\t\t<\/div>\n\t\t\t\t<\/div>\n\t\t\t\t<\/div>\n\t\t\t\t\t<\/div>\n\t\t\t\t<\/div>\n\t\t\t\t\t<\/div>\n\t\t\t\t<\/div>\n\t\t\t\t\t<\/div>\n\t\t\t\t<\/div>\n\t\t<div class=\"elementor-element elementor-element-ca5337e main-container e-flex e-con-boxed e-con e-parent\" data-id=\"ca5337e\" data-element_type=\"container\">\n\t\t\t\t\t<div class=\"e-con-inner\">\n\t\t<div class=\"elementor-element elementor-element-4a0feae9 inner-container e-flex e-con-boxed e-con e-child\" data-id=\"4a0feae9\" data-element_type=\"container\" data-settings=\"{&quot;background_background&quot;:&quot;classic&quot;}\">\n\t\t\t\t\t<div class=\"e-con-inner\">\n\t\t\t\t<div class=\"elementor-element elementor-element-69bcdf44 elementor-widget elementor-widget-button\" data-id=\"69bcdf44\" data-element_type=\"widget\" data-widget_type=\"button.default\">\n\t\t\t\t<div class=\"elementor-widget-container\">\n\t\t\t\t\t<div class=\"elementor-button-wrapper\">\n\t\t\t<a class=\"elementor-button elementor-button-link elementor-size-sm\" href=\"https:\/\/55legal.lu\/services\/\">\n\t\t\t\t\t\t<span class=\"elementor-button-content-wrapper\">\n\t\t\t\t\t\t\t\t\t<span class=\"elementor-button-text\">Services<\/span>\n\t\t\t\t\t<\/span>\n\t\t\t\t\t<\/a>\n\t\t<\/div>\n\t\t\t\t<\/div>\n\t\t\t\t<\/div>\n\t\t\t\t\t<\/div>\n\t\t\t\t<\/div>\n\t\t\t\t\t<\/div>\n\t\t\t\t<\/div>\n\t\t\t\t<\/div>\n\t\t","protected":false},"excerpt":{"rendered":"<p>Associ\u00e9s Charles Heisbourg Charles Duro Bob Calmes contact courriel info@55legal.lu t\u00e9l\u00e9phone +352 26 55 54 1 adresse 31, Grand-Rue, L-1661 Luxembourg Services<\/p>\n","protected":false},"author":6,"featured_media":0,"parent":0,"menu_order":0,"comment_status":"closed","ping_status":"closed","template":"elementor_header_footer","meta":{"footnotes":""},"class_list":["post-1877","page","type-page","status-publish","hentry"],"yoast_head":"<!-- This site is optimized with the Yoast SEO plugin v25.3.1 - https:\/\/yoast.com\/wordpress\/plugins\/seo\/ -->\n<title>\u00c9quipe - 55LEGAL<\/title>\n<meta name=\"robots\" content=\"index, follow, max-snippet:-1, max-image-preview:large, max-video-preview:-1\" \/>\n<link rel=\"canonical\" href=\"https:\/\/55legal.lu\/fr\/equipe\/\" \/>\n<meta property=\"og:locale\" content=\"fr_FR\" \/>\n<meta property=\"og:type\" content=\"article\" \/>\n<meta property=\"og:title\" content=\"\u00c9quipe - 55LEGAL\" \/>\n<meta property=\"og:description\" content=\"Associ\u00e9s Charles Heisbourg Charles Duro Bob Calmes contact courriel info@55legal.lu t\u00e9l\u00e9phone +352 26 55 54 1 adresse 31, Grand-Rue, L-1661 Luxembourg Services\" \/>\n<meta property=\"og:url\" content=\"https:\/\/55legal.lu\/fr\/equipe\/\" \/>\n<meta property=\"og:site_name\" content=\"55LEGAL\" \/>\n<meta property=\"article:modified_time\" content=\"2025-12-19T11:46:00+00:00\" \/>\n<meta property=\"og:image\" content=\"https:\/\/55legal.lu\/wp-content\/uploads\/2025\/12\/Charles-Heisbourg-2.png\" \/>\n\t<meta property=\"og:image:width\" content=\"543\" \/>\n\t<meta property=\"og:image:height\" content=\"543\" \/>\n\t<meta property=\"og:image:type\" content=\"image\/png\" \/>\n<meta name=\"twitter:card\" content=\"summary_large_image\" \/>\n<meta name=\"twitter:label1\" content=\"Dur\u00e9e de lecture estim\u00e9e\" \/>\n\t<meta name=\"twitter:data1\" content=\"1 minute\" \/>\n<script type=\"application\/ld+json\" class=\"yoast-schema-graph\">{\"@context\":\"https:\/\/schema.org\",\"@graph\":[{\"@type\":\"WebPage\",\"@id\":\"https:\/\/55legal.lu\/fr\/equipe\/\",\"url\":\"https:\/\/55legal.lu\/fr\/equipe\/\",\"name\":\"\u00c9quipe - 55LEGAL\",\"isPartOf\":{\"@id\":\"https:\/\/55legal.lu\/fr\/#website\"},\"primaryImageOfPage\":{\"@id\":\"https:\/\/55legal.lu\/fr\/equipe\/#primaryimage\"},\"image\":{\"@id\":\"https:\/\/55legal.lu\/fr\/equipe\/#primaryimage\"},\"thumbnailUrl\":\"https:\/\/55legal.lu\/wp-content\/uploads\/2025\/12\/Charles-Heisbourg-2.png\",\"datePublished\":\"2025-12-18T08:32:54+00:00\",\"dateModified\":\"2025-12-19T11:46:00+00:00\",\"breadcrumb\":{\"@id\":\"https:\/\/55legal.lu\/fr\/equipe\/#breadcrumb\"},\"inLanguage\":\"fr-FR\",\"potentialAction\":[{\"@type\":\"ReadAction\",\"target\":[\"https:\/\/55legal.lu\/fr\/equipe\/\"]}]},{\"@type\":\"ImageObject\",\"inLanguage\":\"fr-FR\",\"@id\":\"https:\/\/55legal.lu\/fr\/equipe\/#primaryimage\",\"url\":\"https:\/\/55legal.lu\/wp-content\/uploads\/2025\/12\/Charles-Heisbourg-2.png\",\"contentUrl\":\"https:\/\/55legal.lu\/wp-content\/uploads\/2025\/12\/Charles-Heisbourg-2.png\"},{\"@type\":\"BreadcrumbList\",\"@id\":\"https:\/\/55legal.lu\/fr\/equipe\/#breadcrumb\",\"itemListElement\":[{\"@type\":\"ListItem\",\"position\":1,\"name\":\"Home\",\"item\":\"https:\/\/55legal.lu\/fr\/\"},{\"@type\":\"ListItem\",\"position\":2,\"name\":\"\u00c9quipe\"}]},{\"@type\":\"WebSite\",\"@id\":\"https:\/\/55legal.lu\/fr\/#website\",\"url\":\"https:\/\/55legal.lu\/fr\/\",\"name\":\"55LEGAL\",\"description\":\"\",\"publisher\":{\"@id\":\"https:\/\/55legal.lu\/fr\/#organization\"},\"potentialAction\":[{\"@type\":\"SearchAction\",\"target\":{\"@type\":\"EntryPoint\",\"urlTemplate\":\"https:\/\/55legal.lu\/fr\/?s={search_term_string}\"},\"query-input\":{\"@type\":\"PropertyValueSpecification\",\"valueRequired\":true,\"valueName\":\"search_term_string\"}}],\"inLanguage\":\"fr-FR\"},{\"@type\":\"Organization\",\"@id\":\"https:\/\/55legal.lu\/fr\/#organization\",\"name\":\"55LEGAL\",\"url\":\"https:\/\/55legal.lu\/fr\/\",\"logo\":{\"@type\":\"ImageObject\",\"inLanguage\":\"fr-FR\",\"@id\":\"https:\/\/55legal.lu\/fr\/#\/schema\/logo\/image\/\",\"url\":\"https:\/\/55legal.lu\/wp-content\/uploads\/2024\/09\/logo-55legal.svg\",\"contentUrl\":\"https:\/\/55legal.lu\/wp-content\/uploads\/2024\/09\/logo-55legal.svg\",\"width\":159,\"height\":19,\"caption\":\"55LEGAL\"},\"image\":{\"@id\":\"https:\/\/55legal.lu\/fr\/#\/schema\/logo\/image\/\"}}]}<\/script>\n<!-- \/ Yoast SEO plugin. -->","yoast_head_json":{"title":"\u00c9quipe - 55LEGAL","robots":{"index":"index","follow":"follow","max-snippet":"max-snippet:-1","max-image-preview":"max-image-preview:large","max-video-preview":"max-video-preview:-1"},"canonical":"https:\/\/55legal.lu\/fr\/equipe\/","og_locale":"fr_FR","og_type":"article","og_title":"\u00c9quipe - 55LEGAL","og_description":"Associ\u00e9s Charles Heisbourg Charles Duro Bob Calmes contact courriel info@55legal.lu t\u00e9l\u00e9phone +352 26 55 54 1 adresse 31, Grand-Rue, L-1661 Luxembourg Services","og_url":"https:\/\/55legal.lu\/fr\/equipe\/","og_site_name":"55LEGAL","article_modified_time":"2025-12-19T11:46:00+00:00","og_image":[{"width":543,"height":543,"url":"https:\/\/55legal.lu\/wp-content\/uploads\/2025\/12\/Charles-Heisbourg-2.png","type":"image\/png"}],"twitter_card":"summary_large_image","twitter_misc":{"Dur\u00e9e de lecture estim\u00e9e":"1 minute"},"schema":{"@context":"https:\/\/schema.org","@graph":[{"@type":"WebPage","@id":"https:\/\/55legal.lu\/fr\/equipe\/","url":"https:\/\/55legal.lu\/fr\/equipe\/","name":"\u00c9quipe - 55LEGAL","isPartOf":{"@id":"https:\/\/55legal.lu\/fr\/#website"},"primaryImageOfPage":{"@id":"https:\/\/55legal.lu\/fr\/equipe\/#primaryimage"},"image":{"@id":"https:\/\/55legal.lu\/fr\/equipe\/#primaryimage"},"thumbnailUrl":"https:\/\/55legal.lu\/wp-content\/uploads\/2025\/12\/Charles-Heisbourg-2.png","datePublished":"2025-12-18T08:32:54+00:00","dateModified":"2025-12-19T11:46:00+00:00","breadcrumb":{"@id":"https:\/\/55legal.lu\/fr\/equipe\/#breadcrumb"},"inLanguage":"fr-FR","potentialAction":[{"@type":"ReadAction","target":["https:\/\/55legal.lu\/fr\/equipe\/"]}]},{"@type":"ImageObject","inLanguage":"fr-FR","@id":"https:\/\/55legal.lu\/fr\/equipe\/#primaryimage","url":"https:\/\/55legal.lu\/wp-content\/uploads\/2025\/12\/Charles-Heisbourg-2.png","contentUrl":"https:\/\/55legal.lu\/wp-content\/uploads\/2025\/12\/Charles-Heisbourg-2.png"},{"@type":"BreadcrumbList","@id":"https:\/\/55legal.lu\/fr\/equipe\/#breadcrumb","itemListElement":[{"@type":"ListItem","position":1,"name":"Home","item":"https:\/\/55legal.lu\/fr\/"},{"@type":"ListItem","position":2,"name":"\u00c9quipe"}]},{"@type":"WebSite","@id":"https:\/\/55legal.lu\/fr\/#website","url":"https:\/\/55legal.lu\/fr\/","name":"55LEGAL","description":"","publisher":{"@id":"https:\/\/55legal.lu\/fr\/#organization"},"potentialAction":[{"@type":"SearchAction","target":{"@type":"EntryPoint","urlTemplate":"https:\/\/55legal.lu\/fr\/?s={search_term_string}"},"query-input":{"@type":"PropertyValueSpecification","valueRequired":true,"valueName":"search_term_string"}}],"inLanguage":"fr-FR"},{"@type":"Organization","@id":"https:\/\/55legal.lu\/fr\/#organization","name":"55LEGAL","url":"https:\/\/55legal.lu\/fr\/","logo":{"@type":"ImageObject","inLanguage":"fr-FR","@id":"https:\/\/55legal.lu\/fr\/#\/schema\/logo\/image\/","url":"https:\/\/55legal.lu\/wp-content\/uploads\/2024\/09\/logo-55legal.svg","contentUrl":"https:\/\/55legal.lu\/wp-content\/uploads\/2024\/09\/logo-55legal.svg","width":159,"height":19,"caption":"55LEGAL"},"image":{"@id":"https:\/\/55legal.lu\/fr\/#\/schema\/logo\/image\/"}}]}},"_links":{"self":[{"href":"https:\/\/55legal.lu\/fr\/wp-json\/wp\/v2\/pages\/1877","targetHints":{"allow":["GET"]}}],"collection":[{"href":"https:\/\/55legal.lu\/fr\/wp-json\/wp\/v2\/pages"}],"about":[{"href":"https:\/\/55legal.lu\/fr\/wp-json\/wp\/v2\/types\/page"}],"author":[{"embeddable":true,"href":"https:\/\/55legal.lu\/fr\/wp-json\/wp\/v2\/users\/6"}],"replies":[{"embeddable":true,"href":"https:\/\/55legal.lu\/fr\/wp-json\/wp\/v2\/comments?post=1877"}],"version-history":[{"count":34,"href":"https:\/\/55legal.lu\/fr\/wp-json\/wp\/v2\/pages\/1877\/revisions"}],"predecessor-version":[{"id":1967,"href":"https:\/\/55legal.lu\/fr\/wp-json\/wp\/v2\/pages\/1877\/revisions\/1967"}],"wp:attachment":[{"href":"https:\/\/55legal.lu\/fr\/wp-json\/wp\/v2\/media?parent=1877"}],"curies":[{"name":"wp","href":"https:\/\/api.w.org\/{rel}","templated":true}]}}